{"id":27292,"date":"2025-09-22T14:41:31","date_gmt":"2025-09-22T12:41:31","guid":{"rendered":"https:\/\/www.unither-pharma.biz\/historia\/"},"modified":"2026-01-29T11:04:23","modified_gmt":"2026-01-29T10:04:23","slug":"historia","status":"publish","type":"page","link":"https:\/\/www.unither-pharma.biz\/pt-br\/historia\/","title":{"rendered":"Hist\u00f3ria"},"content":{"rendered":"","protected":false},"excerpt":{"rendered":"","protected":false},"author":1,"featured_media":27813,"parent":0,"menu_order":0,"comment_status":"closed","ping_status":"closed","template":"","meta":{"_acf_changed":false,"footnotes":""},"tags":[],"class_list":["post-27292","page","type-page","status-publish","has-post-thumbnail","hentry"],"acf":[],"yoast_head":"<!-- This site is optimized with the Yoast SEO plugin v27.2 - https:\/\/yoast.com\/product\/yoast-seo-wordpress\/ -->\n<title>Hist\u00f3ria da Unither | 30 Anos Inova\u00e7\u00e3o Farmac\u00eautica | CDMO<\/title>\n<meta name=\"description\" content=\"Descubra a hist\u00f3ria da Unither Pharmaceuticals. 30 anos de inova\u00e7\u00e3o farmac\u00eautica: tecnologias BFS, multidose, stick-packs. Crescimento internacional.\" \/>\n<meta name=\"robots\" content=\"index, follow, max-snippet:-1, max-image-preview:large, max-video-preview:-1\" \/>\n<link rel=\"canonical\" href=\"https:\/\/www.unither-pharma.biz\/pt-br\/historia\/\" \/>\n<meta property=\"og:locale\" content=\"pt_BR\" \/>\n<meta property=\"og:type\" content=\"article\" \/>\n<meta property=\"og:title\" content=\"Hist\u00f3ria da Unither | 30 Anos Inova\u00e7\u00e3o Farmac\u00eautica | CDMO\" \/>\n<meta property=\"og:description\" content=\"Descubra a hist\u00f3ria da Unither Pharmaceuticals. 30 anos de inova\u00e7\u00e3o farmac\u00eautica: tecnologias BFS, multidose, stick-packs. Crescimento internacional.\" \/>\n<meta property=\"og:url\" content=\"https:\/\/www.unither-pharma.biz\/pt-br\/historia\/\" \/>\n<meta property=\"og:site_name\" content=\"Unither\" \/>\n<meta property=\"article:modified_time\" content=\"2026-01-29T10:04:23+00:00\" \/>\n<meta property=\"og:image\" content=\"https:\/\/www.unither-pharma.biz\/wp-content\/uploads\/2026\/01\/Le-Groupe-Histoire-scaled.jpg\" \/>\n\t<meta property=\"og:image:width\" content=\"2048\" \/>\n\t<meta property=\"og:image:height\" content=\"885\" \/>\n\t<meta property=\"og:image:type\" content=\"image\/jpeg\" \/>\n<meta name=\"twitter:card\" content=\"summary_large_image\" \/>\n<meta name=\"twitter:site\" content=\"@UnitherPharma\" \/>\n<meta name=\"twitter:label1\" content=\"Est. tempo de leitura\" \/>\n\t<meta name=\"twitter:data1\" content=\"1 minuto\" \/>\n<script type=\"application\/ld+json\" class=\"yoast-schema-graph\">{\"@context\":\"https:\/\/schema.org\",\"@graph\":[{\"@type\":\"WebPage\",\"@id\":\"https:\/\/www.unither-pharma.biz\/pt-br\/historia\/\",\"url\":\"https:\/\/www.unither-pharma.biz\/pt-br\/historia\/\",\"name\":\"Hist\u00f3ria da Unither | 30 Anos Inova\u00e7\u00e3o Farmac\u00eautica | CDMO\",\"isPartOf\":{\"@id\":\"https:\/\/www.unither-pharma.biz\/pt-br\/#website\"},\"primaryImageOfPage\":{\"@id\":\"https:\/\/www.unither-pharma.biz\/pt-br\/historia\/#primaryimage\"},\"image\":{\"@id\":\"https:\/\/www.unither-pharma.biz\/pt-br\/historia\/#primaryimage\"},\"thumbnailUrl\":\"https:\/\/www.unither-pharma.biz\/wp-content\/uploads\/2026\/01\/Le-Groupe-Histoire-scaled.jpg\",\"datePublished\":\"2025-09-22T12:41:31+00:00\",\"dateModified\":\"2026-01-29T10:04:23+00:00\",\"description\":\"Descubra a hist\u00f3ria da Unither Pharmaceuticals. 30 anos de inova\u00e7\u00e3o farmac\u00eautica: tecnologias BFS, multidose, stick-packs. Crescimento internacional.\",\"breadcrumb\":{\"@id\":\"https:\/\/www.unither-pharma.biz\/pt-br\/historia\/#breadcrumb\"},\"inLanguage\":\"pt-BR\",\"potentialAction\":[{\"@type\":\"ReadAction\",\"target\":[\"https:\/\/www.unither-pharma.biz\/pt-br\/historia\/\"]}]},{\"@type\":\"ImageObject\",\"inLanguage\":\"pt-BR\",\"@id\":\"https:\/\/www.unither-pharma.biz\/pt-br\/historia\/#primaryimage\",\"url\":\"https:\/\/www.unither-pharma.biz\/wp-content\/uploads\/2026\/01\/Le-Groupe-Histoire-scaled.jpg\",\"contentUrl\":\"https:\/\/www.unither-pharma.biz\/wp-content\/uploads\/2026\/01\/Le-Groupe-Histoire-scaled.jpg\",\"width\":2048,\"height\":885,\"caption\":\"O Grupo - Hist\u00f3ria\"},{\"@type\":\"BreadcrumbList\",\"@id\":\"https:\/\/www.unither-pharma.biz\/pt-br\/historia\/#breadcrumb\",\"itemListElement\":[{\"@type\":\"ListItem\",\"position\":1,\"name\":\"Home\",\"item\":\"https:\/\/www.unither-pharma.biz\/pt-br\/\"},{\"@type\":\"ListItem\",\"position\":2,\"name\":\"Hist\u00f3ria\"}]},{\"@type\":\"WebSite\",\"@id\":\"https:\/\/www.unither-pharma.biz\/pt-br\/#website\",\"url\":\"https:\/\/www.unither-pharma.biz\/pt-br\/\",\"name\":\"Unither\",\"description\":\"\",\"publisher\":{\"@id\":\"https:\/\/www.unither-pharma.biz\/pt-br\/#organization\"},\"potentialAction\":[{\"@type\":\"SearchAction\",\"target\":{\"@type\":\"EntryPoint\",\"urlTemplate\":\"https:\/\/www.unither-pharma.biz\/pt-br\/?s={search_term_string}\"},\"query-input\":{\"@type\":\"PropertyValueSpecification\",\"valueRequired\":true,\"valueName\":\"search_term_string\"}}],\"inLanguage\":\"pt-BR\"},{\"@type\":\"Organization\",\"@id\":\"https:\/\/www.unither-pharma.biz\/pt-br\/#organization\",\"name\":\"Unither\",\"url\":\"https:\/\/www.unither-pharma.biz\/pt-br\/\",\"logo\":{\"@type\":\"ImageObject\",\"inLanguage\":\"pt-BR\",\"@id\":\"https:\/\/www.unither-pharma.biz\/pt-br\/#\/schema\/logo\/image\/\",\"url\":\"https:\/\/www.unither-pharma.biz\/wp-content\/uploads\/2026\/01\/logo-unither-pharmaceuticals-site-internet.png\",\"contentUrl\":\"https:\/\/www.unither-pharma.biz\/wp-content\/uploads\/2026\/01\/logo-unither-pharmaceuticals-site-internet.png\",\"width\":514,\"height\":252,\"caption\":\"Unither\"},\"image\":{\"@id\":\"https:\/\/www.unither-pharma.biz\/pt-br\/#\/schema\/logo\/image\/\"},\"sameAs\":[\"https:\/\/x.com\/UnitherPharma\",\"https:\/\/www.linkedin.com\/company\/unither-pharmaceuticals\/\",\"https:\/\/www.youtube.com\/channel\/UCHaTbYrnICFU1MiLwNsKjMA\"]}]}<\/script>\n<!-- \/ Yoast SEO plugin. -->","yoast_head_json":{"title":"Hist\u00f3ria da Unither | 30 Anos Inova\u00e7\u00e3o Farmac\u00eautica | CDMO","description":"Descubra a hist\u00f3ria da Unither Pharmaceuticals. 30 anos de inova\u00e7\u00e3o farmac\u00eautica: tecnologias BFS, multidose, stick-packs. Crescimento internacional.","robots":{"index":"index","follow":"follow","max-snippet":"max-snippet:-1","max-image-preview":"max-image-preview:large","max-video-preview":"max-video-preview:-1"},"canonical":"https:\/\/www.unither-pharma.biz\/pt-br\/historia\/","og_locale":"pt_BR","og_type":"article","og_title":"Hist\u00f3ria da Unither | 30 Anos Inova\u00e7\u00e3o Farmac\u00eautica | CDMO","og_description":"Descubra a hist\u00f3ria da Unither Pharmaceuticals. 30 anos de inova\u00e7\u00e3o farmac\u00eautica: tecnologias BFS, multidose, stick-packs. Crescimento internacional.","og_url":"https:\/\/www.unither-pharma.biz\/pt-br\/historia\/","og_site_name":"Unither","article_modified_time":"2026-01-29T10:04:23+00:00","og_image":[{"width":2048,"height":885,"url":"https:\/\/www.unither-pharma.biz\/wp-content\/uploads\/2026\/01\/Le-Groupe-Histoire-scaled.jpg","type":"image\/jpeg"}],"twitter_card":"summary_large_image","twitter_site":"@UnitherPharma","twitter_misc":{"Est. tempo de leitura":"1 minuto"},"schema":{"@context":"https:\/\/schema.org","@graph":[{"@type":"WebPage","@id":"https:\/\/www.unither-pharma.biz\/pt-br\/historia\/","url":"https:\/\/www.unither-pharma.biz\/pt-br\/historia\/","name":"Hist\u00f3ria da Unither | 30 Anos Inova\u00e7\u00e3o Farmac\u00eautica | CDMO","isPartOf":{"@id":"https:\/\/www.unither-pharma.biz\/pt-br\/#website"},"primaryImageOfPage":{"@id":"https:\/\/www.unither-pharma.biz\/pt-br\/historia\/#primaryimage"},"image":{"@id":"https:\/\/www.unither-pharma.biz\/pt-br\/historia\/#primaryimage"},"thumbnailUrl":"https:\/\/www.unither-pharma.biz\/wp-content\/uploads\/2026\/01\/Le-Groupe-Histoire-scaled.jpg","datePublished":"2025-09-22T12:41:31+00:00","dateModified":"2026-01-29T10:04:23+00:00","description":"Descubra a hist\u00f3ria da Unither Pharmaceuticals. 30 anos de inova\u00e7\u00e3o farmac\u00eautica: tecnologias BFS, multidose, stick-packs. Crescimento internacional.","breadcrumb":{"@id":"https:\/\/www.unither-pharma.biz\/pt-br\/historia\/#breadcrumb"},"inLanguage":"pt-BR","potentialAction":[{"@type":"ReadAction","target":["https:\/\/www.unither-pharma.biz\/pt-br\/historia\/"]}]},{"@type":"ImageObject","inLanguage":"pt-BR","@id":"https:\/\/www.unither-pharma.biz\/pt-br\/historia\/#primaryimage","url":"https:\/\/www.unither-pharma.biz\/wp-content\/uploads\/2026\/01\/Le-Groupe-Histoire-scaled.jpg","contentUrl":"https:\/\/www.unither-pharma.biz\/wp-content\/uploads\/2026\/01\/Le-Groupe-Histoire-scaled.jpg","width":2048,"height":885,"caption":"O Grupo - Hist\u00f3ria"},{"@type":"BreadcrumbList","@id":"https:\/\/www.unither-pharma.biz\/pt-br\/historia\/#breadcrumb","itemListElement":[{"@type":"ListItem","position":1,"name":"Home","item":"https:\/\/www.unither-pharma.biz\/pt-br\/"},{"@type":"ListItem","position":2,"name":"Hist\u00f3ria"}]},{"@type":"WebSite","@id":"https:\/\/www.unither-pharma.biz\/pt-br\/#website","url":"https:\/\/www.unither-pharma.biz\/pt-br\/","name":"Unither","description":"","publisher":{"@id":"https:\/\/www.unither-pharma.biz\/pt-br\/#organization"},"potentialAction":[{"@type":"SearchAction","target":{"@type":"EntryPoint","urlTemplate":"https:\/\/www.unither-pharma.biz\/pt-br\/?s={search_term_string}"},"query-input":{"@type":"PropertyValueSpecification","valueRequired":true,"valueName":"search_term_string"}}],"inLanguage":"pt-BR"},{"@type":"Organization","@id":"https:\/\/www.unither-pharma.biz\/pt-br\/#organization","name":"Unither","url":"https:\/\/www.unither-pharma.biz\/pt-br\/","logo":{"@type":"ImageObject","inLanguage":"pt-BR","@id":"https:\/\/www.unither-pharma.biz\/pt-br\/#\/schema\/logo\/image\/","url":"https:\/\/www.unither-pharma.biz\/wp-content\/uploads\/2026\/01\/logo-unither-pharmaceuticals-site-internet.png","contentUrl":"https:\/\/www.unither-pharma.biz\/wp-content\/uploads\/2026\/01\/logo-unither-pharmaceuticals-site-internet.png","width":514,"height":252,"caption":"Unither"},"image":{"@id":"https:\/\/www.unither-pharma.biz\/pt-br\/#\/schema\/logo\/image\/"},"sameAs":["https:\/\/x.com\/UnitherPharma","https:\/\/www.linkedin.com\/company\/unither-pharmaceuticals\/","https:\/\/www.youtube.com\/channel\/UCHaTbYrnICFU1MiLwNsKjMA"]}]}},"_links":{"self":[{"href":"https:\/\/www.unither-pharma.biz\/pt-br\/wp-json\/wp\/v2\/pages\/27292","targetHints":{"allow":["GET"]}}],"collection":[{"href":"https:\/\/www.unither-pharma.biz\/pt-br\/wp-json\/wp\/v2\/pages"}],"about":[{"href":"https:\/\/www.unither-pharma.biz\/pt-br\/wp-json\/wp\/v2\/types\/page"}],"author":[{"embeddable":true,"href":"https:\/\/www.unither-pharma.biz\/pt-br\/wp-json\/wp\/v2\/users\/1"}],"replies":[{"embeddable":true,"href":"https:\/\/www.unither-pharma.biz\/pt-br\/wp-json\/wp\/v2\/comments?post=27292"}],"version-history":[{"count":4,"href":"https:\/\/www.unither-pharma.biz\/pt-br\/wp-json\/wp\/v2\/pages\/27292\/revisions"}],"predecessor-version":[{"id":27881,"href":"https:\/\/www.unither-pharma.biz\/pt-br\/wp-json\/wp\/v2\/pages\/27292\/revisions\/27881"}],"wp:featuredmedia":[{"embeddable":true,"href":"https:\/\/www.unither-pharma.biz\/pt-br\/wp-json\/wp\/v2\/media\/27813"}],"wp:attachment":[{"href":"https:\/\/www.unither-pharma.biz\/pt-br\/wp-json\/wp\/v2\/media?parent=27292"}],"wp:term":[{"taxonomy":"post_tag","embeddable":true,"href":"https:\/\/www.unither-pharma.biz\/pt-br\/wp-json\/wp\/v2\/tags?post=27292"}],"curies":[{"name":"wp","href":"https:\/\/api.w.org\/{rel}","templated":true}]}}