{"id":27228,"date":"2025-09-22T11:24:12","date_gmt":"2025-09-22T09:24:12","guid":{"rendered":"https:\/\/www.unither-pharma.biz\/injetavel\/"},"modified":"2026-02-04T17:09:12","modified_gmt":"2026-02-04T16:09:12","slug":"injetavel","status":"publish","type":"page","link":"https:\/\/www.unither-pharma.biz\/pt-br\/por-area-terapeutica\/injetavel\/","title":{"rendered":"Injet\u00e1vel"},"content":{"rendered":"","protected":false},"excerpt":{"rendered":"","protected":false},"author":1,"featured_media":27216,"parent":29113,"menu_order":0,"comment_status":"closed","ping_status":"closed","template":"","meta":{"_acf_changed":false,"footnotes":""},"tags":[],"class_list":["post-27228","page","type-page","status-publish","has-post-thumbnail","hentry"],"acf":[],"yoast_head":"<!-- This site is optimized with the Yoast SEO plugin v27.2 - https:\/\/yoast.com\/product\/yoast-seo-wordpress\/ -->\n<title>Injet\u00e1vel | Unither<\/title>\n<meta name=\"description\" content=\"CDMO Unither injet\u00e1veis biol\u00f3gicos: desenvolvimento e fabrica\u00e7\u00e3o est\u00e9ril BFS, enchimento e acabamento GMP, dispositivos unidosas para vacinas e produtos biol\u00f3gicos.\" \/>\n<meta name=\"robots\" content=\"index, follow, max-snippet:-1, max-image-preview:large, max-video-preview:-1\" \/>\n<link rel=\"canonical\" href=\"https:\/\/www.unither-pharma.biz\/pt-br\/por-area-terapeutica\/injetavel\/\" \/>\n<meta property=\"og:locale\" content=\"pt_BR\" \/>\n<meta property=\"og:type\" content=\"article\" \/>\n<meta property=\"og:title\" content=\"Injet\u00e1vel | Unither\" \/>\n<meta property=\"og:description\" content=\"CDMO Unither injet\u00e1veis biol\u00f3gicos: desenvolvimento e fabrica\u00e7\u00e3o est\u00e9ril BFS, enchimento e acabamento GMP, dispositivos unidosas para vacinas e produtos biol\u00f3gicos.\" \/>\n<meta property=\"og:url\" content=\"https:\/\/www.unither-pharma.biz\/pt-br\/por-area-terapeutica\/injetavel\/\" \/>\n<meta property=\"og:site_name\" content=\"Unither\" \/>\n<meta property=\"article:modified_time\" content=\"2026-02-04T16:09:12+00:00\" \/>\n<meta property=\"og:image\" content=\"https:\/\/www.unither-pharma.biz\/wp-content\/uploads\/2025\/11\/Solutions_Injectables-scaled.jpg\" \/>\n\t<meta property=\"og:image:width\" content=\"2048\" \/>\n\t<meta property=\"og:image:height\" content=\"885\" \/>\n\t<meta property=\"og:image:type\" content=\"image\/jpeg\" \/>\n<meta name=\"twitter:card\" content=\"summary_large_image\" \/>\n<meta name=\"twitter:site\" content=\"@UnitherPharma\" \/>\n<meta name=\"twitter:label1\" content=\"Est. tempo de leitura\" \/>\n\t<meta name=\"twitter:data1\" content=\"1 minuto\" \/>\n<script type=\"application\/ld+json\" class=\"yoast-schema-graph\">{\"@context\":\"https:\/\/schema.org\",\"@graph\":[{\"@type\":\"WebPage\",\"@id\":\"https:\/\/www.unither-pharma.biz\/pt-br\/por-area-terapeutica\/injetavel\/\",\"url\":\"https:\/\/www.unither-pharma.biz\/pt-br\/por-area-terapeutica\/injetavel\/\",\"name\":\"Injet\u00e1vel | Unither\",\"isPartOf\":{\"@id\":\"https:\/\/www.unither-pharma.biz\/pt-br\/#website\"},\"primaryImageOfPage\":{\"@id\":\"https:\/\/www.unither-pharma.biz\/pt-br\/por-area-terapeutica\/injetavel\/#primaryimage\"},\"image\":{\"@id\":\"https:\/\/www.unither-pharma.biz\/pt-br\/por-area-terapeutica\/injetavel\/#primaryimage\"},\"thumbnailUrl\":\"https:\/\/www.unither-pharma.biz\/wp-content\/uploads\/2025\/11\/Solutions_Injectables-scaled.jpg\",\"datePublished\":\"2025-09-22T09:24:12+00:00\",\"dateModified\":\"2026-02-04T16:09:12+00:00\",\"description\":\"CDMO Unither injet\u00e1veis biol\u00f3gicos: desenvolvimento e fabrica\u00e7\u00e3o est\u00e9ril BFS, enchimento e acabamento GMP, dispositivos unidosas para vacinas e produtos biol\u00f3gicos.\",\"breadcrumb\":{\"@id\":\"https:\/\/www.unither-pharma.biz\/pt-br\/por-area-terapeutica\/injetavel\/#breadcrumb\"},\"inLanguage\":\"pt-BR\",\"potentialAction\":[{\"@type\":\"ReadAction\",\"target\":[\"https:\/\/www.unither-pharma.biz\/pt-br\/por-area-terapeutica\/injetavel\/\"]}]},{\"@type\":\"ImageObject\",\"inLanguage\":\"pt-BR\",\"@id\":\"https:\/\/www.unither-pharma.biz\/pt-br\/por-area-terapeutica\/injetavel\/#primaryimage\",\"url\":\"https:\/\/www.unither-pharma.biz\/wp-content\/uploads\/2025\/11\/Solutions_Injectables-scaled.jpg\",\"contentUrl\":\"https:\/\/www.unither-pharma.biz\/wp-content\/uploads\/2025\/11\/Solutions_Injectables-scaled.jpg\",\"width\":2048,\"height\":885,\"caption\":\"Solu\u00e7\u00f5es_Injet\u00e1veis\"},{\"@type\":\"BreadcrumbList\",\"@id\":\"https:\/\/www.unither-pharma.biz\/pt-br\/por-area-terapeutica\/injetavel\/#breadcrumb\",\"itemListElement\":[{\"@type\":\"ListItem\",\"position\":1,\"name\":\"Home\",\"item\":\"https:\/\/www.unither-pharma.biz\/pt-br\/\"},{\"@type\":\"ListItem\",\"position\":2,\"name\":\"Por \u00e1rea terap\u00eautica\",\"item\":\"https:\/\/www.unither-pharma.biz\/pt-br\/por-area-terapeutica\/\"},{\"@type\":\"ListItem\",\"position\":3,\"name\":\"Injet\u00e1vel\"}]},{\"@type\":\"WebSite\",\"@id\":\"https:\/\/www.unither-pharma.biz\/pt-br\/#website\",\"url\":\"https:\/\/www.unither-pharma.biz\/pt-br\/\",\"name\":\"Unither\",\"description\":\"\",\"publisher\":{\"@id\":\"https:\/\/www.unither-pharma.biz\/pt-br\/#organization\"},\"potentialAction\":[{\"@type\":\"SearchAction\",\"target\":{\"@type\":\"EntryPoint\",\"urlTemplate\":\"https:\/\/www.unither-pharma.biz\/pt-br\/?s={search_term_string}\"},\"query-input\":{\"@type\":\"PropertyValueSpecification\",\"valueRequired\":true,\"valueName\":\"search_term_string\"}}],\"inLanguage\":\"pt-BR\"},{\"@type\":\"Organization\",\"@id\":\"https:\/\/www.unither-pharma.biz\/pt-br\/#organization\",\"name\":\"Unither\",\"url\":\"https:\/\/www.unither-pharma.biz\/pt-br\/\",\"logo\":{\"@type\":\"ImageObject\",\"inLanguage\":\"pt-BR\",\"@id\":\"https:\/\/www.unither-pharma.biz\/pt-br\/#\/schema\/logo\/image\/\",\"url\":\"https:\/\/www.unither-pharma.biz\/wp-content\/uploads\/2026\/01\/logo-unither-pharmaceuticals-site-internet.png\",\"contentUrl\":\"https:\/\/www.unither-pharma.biz\/wp-content\/uploads\/2026\/01\/logo-unither-pharmaceuticals-site-internet.png\",\"width\":514,\"height\":252,\"caption\":\"Unither\"},\"image\":{\"@id\":\"https:\/\/www.unither-pharma.biz\/pt-br\/#\/schema\/logo\/image\/\"},\"sameAs\":[\"https:\/\/x.com\/UnitherPharma\",\"https:\/\/www.linkedin.com\/company\/unither-pharmaceuticals\/\",\"https:\/\/www.youtube.com\/channel\/UCHaTbYrnICFU1MiLwNsKjMA\"]}]}<\/script>\n<!-- \/ Yoast SEO plugin. -->","yoast_head_json":{"title":"Injet\u00e1vel | Unither","description":"CDMO Unither injet\u00e1veis biol\u00f3gicos: desenvolvimento e fabrica\u00e7\u00e3o est\u00e9ril BFS, enchimento e acabamento GMP, dispositivos unidosas para vacinas e produtos biol\u00f3gicos.","robots":{"index":"index","follow":"follow","max-snippet":"max-snippet:-1","max-image-preview":"max-image-preview:large","max-video-preview":"max-video-preview:-1"},"canonical":"https:\/\/www.unither-pharma.biz\/pt-br\/por-area-terapeutica\/injetavel\/","og_locale":"pt_BR","og_type":"article","og_title":"Injet\u00e1vel | Unither","og_description":"CDMO Unither injet\u00e1veis biol\u00f3gicos: desenvolvimento e fabrica\u00e7\u00e3o est\u00e9ril BFS, enchimento e acabamento GMP, dispositivos unidosas para vacinas e produtos biol\u00f3gicos.","og_url":"https:\/\/www.unither-pharma.biz\/pt-br\/por-area-terapeutica\/injetavel\/","og_site_name":"Unither","article_modified_time":"2026-02-04T16:09:12+00:00","og_image":[{"width":2048,"height":885,"url":"https:\/\/www.unither-pharma.biz\/wp-content\/uploads\/2025\/11\/Solutions_Injectables-scaled.jpg","type":"image\/jpeg"}],"twitter_card":"summary_large_image","twitter_site":"@UnitherPharma","twitter_misc":{"Est. tempo de leitura":"1 minuto"},"schema":{"@context":"https:\/\/schema.org","@graph":[{"@type":"WebPage","@id":"https:\/\/www.unither-pharma.biz\/pt-br\/por-area-terapeutica\/injetavel\/","url":"https:\/\/www.unither-pharma.biz\/pt-br\/por-area-terapeutica\/injetavel\/","name":"Injet\u00e1vel | Unither","isPartOf":{"@id":"https:\/\/www.unither-pharma.biz\/pt-br\/#website"},"primaryImageOfPage":{"@id":"https:\/\/www.unither-pharma.biz\/pt-br\/por-area-terapeutica\/injetavel\/#primaryimage"},"image":{"@id":"https:\/\/www.unither-pharma.biz\/pt-br\/por-area-terapeutica\/injetavel\/#primaryimage"},"thumbnailUrl":"https:\/\/www.unither-pharma.biz\/wp-content\/uploads\/2025\/11\/Solutions_Injectables-scaled.jpg","datePublished":"2025-09-22T09:24:12+00:00","dateModified":"2026-02-04T16:09:12+00:00","description":"CDMO Unither injet\u00e1veis biol\u00f3gicos: desenvolvimento e fabrica\u00e7\u00e3o est\u00e9ril BFS, enchimento e acabamento GMP, dispositivos unidosas para vacinas e produtos biol\u00f3gicos.","breadcrumb":{"@id":"https:\/\/www.unither-pharma.biz\/pt-br\/por-area-terapeutica\/injetavel\/#breadcrumb"},"inLanguage":"pt-BR","potentialAction":[{"@type":"ReadAction","target":["https:\/\/www.unither-pharma.biz\/pt-br\/por-area-terapeutica\/injetavel\/"]}]},{"@type":"ImageObject","inLanguage":"pt-BR","@id":"https:\/\/www.unither-pharma.biz\/pt-br\/por-area-terapeutica\/injetavel\/#primaryimage","url":"https:\/\/www.unither-pharma.biz\/wp-content\/uploads\/2025\/11\/Solutions_Injectables-scaled.jpg","contentUrl":"https:\/\/www.unither-pharma.biz\/wp-content\/uploads\/2025\/11\/Solutions_Injectables-scaled.jpg","width":2048,"height":885,"caption":"Solu\u00e7\u00f5es_Injet\u00e1veis"},{"@type":"BreadcrumbList","@id":"https:\/\/www.unither-pharma.biz\/pt-br\/por-area-terapeutica\/injetavel\/#breadcrumb","itemListElement":[{"@type":"ListItem","position":1,"name":"Home","item":"https:\/\/www.unither-pharma.biz\/pt-br\/"},{"@type":"ListItem","position":2,"name":"Por \u00e1rea terap\u00eautica","item":"https:\/\/www.unither-pharma.biz\/pt-br\/por-area-terapeutica\/"},{"@type":"ListItem","position":3,"name":"Injet\u00e1vel"}]},{"@type":"WebSite","@id":"https:\/\/www.unither-pharma.biz\/pt-br\/#website","url":"https:\/\/www.unither-pharma.biz\/pt-br\/","name":"Unither","description":"","publisher":{"@id":"https:\/\/www.unither-pharma.biz\/pt-br\/#organization"},"potentialAction":[{"@type":"SearchAction","target":{"@type":"EntryPoint","urlTemplate":"https:\/\/www.unither-pharma.biz\/pt-br\/?s={search_term_string}"},"query-input":{"@type":"PropertyValueSpecification","valueRequired":true,"valueName":"search_term_string"}}],"inLanguage":"pt-BR"},{"@type":"Organization","@id":"https:\/\/www.unither-pharma.biz\/pt-br\/#organization","name":"Unither","url":"https:\/\/www.unither-pharma.biz\/pt-br\/","logo":{"@type":"ImageObject","inLanguage":"pt-BR","@id":"https:\/\/www.unither-pharma.biz\/pt-br\/#\/schema\/logo\/image\/","url":"https:\/\/www.unither-pharma.biz\/wp-content\/uploads\/2026\/01\/logo-unither-pharmaceuticals-site-internet.png","contentUrl":"https:\/\/www.unither-pharma.biz\/wp-content\/uploads\/2026\/01\/logo-unither-pharmaceuticals-site-internet.png","width":514,"height":252,"caption":"Unither"},"image":{"@id":"https:\/\/www.unither-pharma.biz\/pt-br\/#\/schema\/logo\/image\/"},"sameAs":["https:\/\/x.com\/UnitherPharma","https:\/\/www.linkedin.com\/company\/unither-pharmaceuticals\/","https:\/\/www.youtube.com\/channel\/UCHaTbYrnICFU1MiLwNsKjMA"]}]}},"_links":{"self":[{"href":"https:\/\/www.unither-pharma.biz\/pt-br\/wp-json\/wp\/v2\/pages\/27228","targetHints":{"allow":["GET"]}}],"collection":[{"href":"https:\/\/www.unither-pharma.biz\/pt-br\/wp-json\/wp\/v2\/pages"}],"about":[{"href":"https:\/\/www.unither-pharma.biz\/pt-br\/wp-json\/wp\/v2\/types\/page"}],"author":[{"embeddable":true,"href":"https:\/\/www.unither-pharma.biz\/pt-br\/wp-json\/wp\/v2\/users\/1"}],"replies":[{"embeddable":true,"href":"https:\/\/www.unither-pharma.biz\/pt-br\/wp-json\/wp\/v2\/comments?post=27228"}],"version-history":[{"count":6,"href":"https:\/\/www.unither-pharma.biz\/pt-br\/wp-json\/wp\/v2\/pages\/27228\/revisions"}],"predecessor-version":[{"id":31167,"href":"https:\/\/www.unither-pharma.biz\/pt-br\/wp-json\/wp\/v2\/pages\/27228\/revisions\/31167"}],"up":[{"embeddable":true,"href":"https:\/\/www.unither-pharma.biz\/pt-br\/wp-json\/wp\/v2\/pages\/29113"}],"wp:featuredmedia":[{"embeddable":true,"href":"https:\/\/www.unither-pharma.biz\/pt-br\/wp-json\/wp\/v2\/media\/27216"}],"wp:attachment":[{"href":"https:\/\/www.unither-pharma.biz\/pt-br\/wp-json\/wp\/v2\/media?parent=27228"}],"wp:term":[{"taxonomy":"post_tag","embeddable":true,"href":"https:\/\/www.unither-pharma.biz\/pt-br\/wp-json\/wp\/v2\/tags?post=27228"}],"curies":[{"name":"wp","href":"https:\/\/api.w.org\/{rel}","templated":true}]}}