{"id":27191,"date":"2025-12-08T13:44:26","date_gmt":"2025-12-08T12:44:26","guid":{"rendered":"https:\/\/www.unither-pharma.biz\/por-tecnologias\/frasco\/"},"modified":"2026-04-15T12:04:52","modified_gmt":"2026-04-15T10:04:52","slug":"frasco","status":"publish","type":"page","link":"https:\/\/www.unither-pharma.biz\/pt-br\/por-tecnologias\/frasco\/","title":{"rendered":"Frasco"},"content":{"rendered":"","protected":false},"excerpt":{"rendered":"","protected":false},"author":3,"featured_media":27184,"parent":27172,"menu_order":0,"comment_status":"closed","ping_status":"closed","template":"","meta":{"_acf_changed":false,"footnotes":""},"tags":[],"class_list":["post-27191","page","type-page","status-publish","has-post-thumbnail","hentry"],"acf":[],"yoast_head":"<!-- This site is optimized with the Yoast SEO plugin v27.2 - https:\/\/yoast.com\/product\/yoast-seo-wordpress\/ -->\n<title>Frascos Farmac\u00eauticos | Pl\u00e1stico &amp; Vidro | Fabrica\u00e7\u00e3o Unither<\/title>\n<meta name=\"description\" content=\"Fabrica\u00e7\u00e3o de frascos farmac\u00eauticos pl\u00e1stico e vidro. Solu\u00e7\u00f5es personalizadas para l\u00edquidos est\u00e9reis e n\u00e3o est\u00e9reis. Formatos mono e multidoses.\" \/>\n<meta name=\"robots\" content=\"index, follow, max-snippet:-1, max-image-preview:large, max-video-preview:-1\" \/>\n<link rel=\"canonical\" href=\"https:\/\/www.unither-pharma.biz\/pt-br\/por-tecnologias\/frasco\/\" \/>\n<meta property=\"og:locale\" content=\"pt_BR\" \/>\n<meta property=\"og:type\" content=\"article\" \/>\n<meta property=\"og:title\" content=\"Frascos Farmac\u00eauticos | Pl\u00e1stico &amp; Vidro | Fabrica\u00e7\u00e3o Unither\" \/>\n<meta property=\"og:description\" content=\"Fabrica\u00e7\u00e3o de frascos farmac\u00eauticos pl\u00e1stico e vidro. Solu\u00e7\u00f5es personalizadas para l\u00edquidos est\u00e9reis e n\u00e3o est\u00e9reis. Formatos mono e multidoses.\" \/>\n<meta property=\"og:url\" content=\"https:\/\/www.unither-pharma.biz\/pt-br\/por-tecnologias\/frasco\/\" \/>\n<meta property=\"og:site_name\" content=\"Unither\" \/>\n<meta property=\"article:modified_time\" content=\"2026-04-15T10:04:52+00:00\" \/>\n<meta property=\"og:image\" content=\"https:\/\/www.unither-pharma.biz\/wp-content\/uploads\/2025\/12\/Nos-solutions-technologies-flacon-scaled.jpg\" \/>\n\t<meta property=\"og:image:width\" content=\"2048\" \/>\n\t<meta property=\"og:image:height\" content=\"885\" \/>\n\t<meta property=\"og:image:type\" content=\"image\/jpeg\" \/>\n<meta name=\"twitter:card\" content=\"summary_large_image\" \/>\n<meta name=\"twitter:site\" content=\"@UnitherPharma\" \/>\n<meta name=\"twitter:label1\" content=\"Est. tempo de leitura\" \/>\n\t<meta name=\"twitter:data1\" content=\"1 minuto\" \/>\n<script type=\"application\/ld+json\" class=\"yoast-schema-graph\">{\"@context\":\"https:\/\/schema.org\",\"@graph\":[{\"@type\":\"WebPage\",\"@id\":\"https:\/\/www.unither-pharma.biz\/pt-br\/por-tecnologias\/frasco\/\",\"url\":\"https:\/\/www.unither-pharma.biz\/pt-br\/por-tecnologias\/frasco\/\",\"name\":\"Frascos Farmac\u00eauticos | Pl\u00e1stico & Vidro | Fabrica\u00e7\u00e3o Unither\",\"isPartOf\":{\"@id\":\"https:\/\/www.unither-pharma.biz\/pt-br\/#website\"},\"primaryImageOfPage\":{\"@id\":\"https:\/\/www.unither-pharma.biz\/pt-br\/por-tecnologias\/frasco\/#primaryimage\"},\"image\":{\"@id\":\"https:\/\/www.unither-pharma.biz\/pt-br\/por-tecnologias\/frasco\/#primaryimage\"},\"thumbnailUrl\":\"https:\/\/www.unither-pharma.biz\/wp-content\/uploads\/2025\/12\/Nos-solutions-technologies-flacon-scaled.jpg\",\"datePublished\":\"2025-12-08T12:44:26+00:00\",\"dateModified\":\"2026-04-15T10:04:52+00:00\",\"description\":\"Fabrica\u00e7\u00e3o de frascos farmac\u00eauticos pl\u00e1stico e vidro. Solu\u00e7\u00f5es personalizadas para l\u00edquidos est\u00e9reis e n\u00e3o est\u00e9reis. Formatos mono e multidoses.\",\"breadcrumb\":{\"@id\":\"https:\/\/www.unither-pharma.biz\/pt-br\/por-tecnologias\/frasco\/#breadcrumb\"},\"inLanguage\":\"pt-BR\",\"potentialAction\":[{\"@type\":\"ReadAction\",\"target\":[\"https:\/\/www.unither-pharma.biz\/pt-br\/por-tecnologias\/frasco\/\"]}]},{\"@type\":\"ImageObject\",\"inLanguage\":\"pt-BR\",\"@id\":\"https:\/\/www.unither-pharma.biz\/pt-br\/por-tecnologias\/frasco\/#primaryimage\",\"url\":\"https:\/\/www.unither-pharma.biz\/wp-content\/uploads\/2025\/12\/Nos-solutions-technologies-flacon-scaled.jpg\",\"contentUrl\":\"https:\/\/www.unither-pharma.biz\/wp-content\/uploads\/2025\/12\/Nos-solutions-technologies-flacon-scaled.jpg\",\"width\":2048,\"height\":885,\"caption\":\"Frasco\"},{\"@type\":\"BreadcrumbList\",\"@id\":\"https:\/\/www.unither-pharma.biz\/pt-br\/por-tecnologias\/frasco\/#breadcrumb\",\"itemListElement\":[{\"@type\":\"ListItem\",\"position\":1,\"name\":\"Home\",\"item\":\"https:\/\/www.unither-pharma.biz\/pt-br\/\"},{\"@type\":\"ListItem\",\"position\":2,\"name\":\"Por tecnologia\",\"item\":\"https:\/\/dev8.id-interactive.fr\/new_unither\/pt-br\/por-tecnologias\/\"},{\"@type\":\"ListItem\",\"position\":3,\"name\":\"Frasco\"}]},{\"@type\":\"WebSite\",\"@id\":\"https:\/\/www.unither-pharma.biz\/pt-br\/#website\",\"url\":\"https:\/\/www.unither-pharma.biz\/pt-br\/\",\"name\":\"Unither\",\"description\":\"\",\"publisher\":{\"@id\":\"https:\/\/www.unither-pharma.biz\/pt-br\/#organization\"},\"potentialAction\":[{\"@type\":\"SearchAction\",\"target\":{\"@type\":\"EntryPoint\",\"urlTemplate\":\"https:\/\/www.unither-pharma.biz\/pt-br\/?s={search_term_string}\"},\"query-input\":{\"@type\":\"PropertyValueSpecification\",\"valueRequired\":true,\"valueName\":\"search_term_string\"}}],\"inLanguage\":\"pt-BR\"},{\"@type\":\"Organization\",\"@id\":\"https:\/\/www.unither-pharma.biz\/pt-br\/#organization\",\"name\":\"Unither\",\"url\":\"https:\/\/www.unither-pharma.biz\/pt-br\/\",\"logo\":{\"@type\":\"ImageObject\",\"inLanguage\":\"pt-BR\",\"@id\":\"https:\/\/www.unither-pharma.biz\/pt-br\/#\/schema\/logo\/image\/\",\"url\":\"https:\/\/www.unither-pharma.biz\/wp-content\/uploads\/2026\/01\/logo-unither-pharmaceuticals-site-internet.png\",\"contentUrl\":\"https:\/\/www.unither-pharma.biz\/wp-content\/uploads\/2026\/01\/logo-unither-pharmaceuticals-site-internet.png\",\"width\":514,\"height\":252,\"caption\":\"Unither\"},\"image\":{\"@id\":\"https:\/\/www.unither-pharma.biz\/pt-br\/#\/schema\/logo\/image\/\"},\"sameAs\":[\"https:\/\/x.com\/UnitherPharma\",\"https:\/\/www.linkedin.com\/company\/unither-pharmaceuticals\/\",\"https:\/\/www.youtube.com\/channel\/UCHaTbYrnICFU1MiLwNsKjMA\"]}]}<\/script>\n<!-- \/ Yoast SEO plugin. -->","yoast_head_json":{"title":"Frascos Farmac\u00eauticos | Pl\u00e1stico & Vidro | Fabrica\u00e7\u00e3o Unither","description":"Fabrica\u00e7\u00e3o de frascos farmac\u00eauticos pl\u00e1stico e vidro. Solu\u00e7\u00f5es personalizadas para l\u00edquidos est\u00e9reis e n\u00e3o est\u00e9reis. Formatos mono e multidoses.","robots":{"index":"index","follow":"follow","max-snippet":"max-snippet:-1","max-image-preview":"max-image-preview:large","max-video-preview":"max-video-preview:-1"},"canonical":"https:\/\/www.unither-pharma.biz\/pt-br\/por-tecnologias\/frasco\/","og_locale":"pt_BR","og_type":"article","og_title":"Frascos Farmac\u00eauticos | Pl\u00e1stico & Vidro | Fabrica\u00e7\u00e3o Unither","og_description":"Fabrica\u00e7\u00e3o de frascos farmac\u00eauticos pl\u00e1stico e vidro. Solu\u00e7\u00f5es personalizadas para l\u00edquidos est\u00e9reis e n\u00e3o est\u00e9reis. Formatos mono e multidoses.","og_url":"https:\/\/www.unither-pharma.biz\/pt-br\/por-tecnologias\/frasco\/","og_site_name":"Unither","article_modified_time":"2026-04-15T10:04:52+00:00","og_image":[{"width":2048,"height":885,"url":"https:\/\/www.unither-pharma.biz\/wp-content\/uploads\/2025\/12\/Nos-solutions-technologies-flacon-scaled.jpg","type":"image\/jpeg"}],"twitter_card":"summary_large_image","twitter_site":"@UnitherPharma","twitter_misc":{"Est. tempo de leitura":"1 minuto"},"schema":{"@context":"https:\/\/schema.org","@graph":[{"@type":"WebPage","@id":"https:\/\/www.unither-pharma.biz\/pt-br\/por-tecnologias\/frasco\/","url":"https:\/\/www.unither-pharma.biz\/pt-br\/por-tecnologias\/frasco\/","name":"Frascos Farmac\u00eauticos | Pl\u00e1stico & Vidro | Fabrica\u00e7\u00e3o Unither","isPartOf":{"@id":"https:\/\/www.unither-pharma.biz\/pt-br\/#website"},"primaryImageOfPage":{"@id":"https:\/\/www.unither-pharma.biz\/pt-br\/por-tecnologias\/frasco\/#primaryimage"},"image":{"@id":"https:\/\/www.unither-pharma.biz\/pt-br\/por-tecnologias\/frasco\/#primaryimage"},"thumbnailUrl":"https:\/\/www.unither-pharma.biz\/wp-content\/uploads\/2025\/12\/Nos-solutions-technologies-flacon-scaled.jpg","datePublished":"2025-12-08T12:44:26+00:00","dateModified":"2026-04-15T10:04:52+00:00","description":"Fabrica\u00e7\u00e3o de frascos farmac\u00eauticos pl\u00e1stico e vidro. Solu\u00e7\u00f5es personalizadas para l\u00edquidos est\u00e9reis e n\u00e3o est\u00e9reis. Formatos mono e multidoses.","breadcrumb":{"@id":"https:\/\/www.unither-pharma.biz\/pt-br\/por-tecnologias\/frasco\/#breadcrumb"},"inLanguage":"pt-BR","potentialAction":[{"@type":"ReadAction","target":["https:\/\/www.unither-pharma.biz\/pt-br\/por-tecnologias\/frasco\/"]}]},{"@type":"ImageObject","inLanguage":"pt-BR","@id":"https:\/\/www.unither-pharma.biz\/pt-br\/por-tecnologias\/frasco\/#primaryimage","url":"https:\/\/www.unither-pharma.biz\/wp-content\/uploads\/2025\/12\/Nos-solutions-technologies-flacon-scaled.jpg","contentUrl":"https:\/\/www.unither-pharma.biz\/wp-content\/uploads\/2025\/12\/Nos-solutions-technologies-flacon-scaled.jpg","width":2048,"height":885,"caption":"Frasco"},{"@type":"BreadcrumbList","@id":"https:\/\/www.unither-pharma.biz\/pt-br\/por-tecnologias\/frasco\/#breadcrumb","itemListElement":[{"@type":"ListItem","position":1,"name":"Home","item":"https:\/\/www.unither-pharma.biz\/pt-br\/"},{"@type":"ListItem","position":2,"name":"Por tecnologia","item":"https:\/\/dev8.id-interactive.fr\/new_unither\/pt-br\/por-tecnologias\/"},{"@type":"ListItem","position":3,"name":"Frasco"}]},{"@type":"WebSite","@id":"https:\/\/www.unither-pharma.biz\/pt-br\/#website","url":"https:\/\/www.unither-pharma.biz\/pt-br\/","name":"Unither","description":"","publisher":{"@id":"https:\/\/www.unither-pharma.biz\/pt-br\/#organization"},"potentialAction":[{"@type":"SearchAction","target":{"@type":"EntryPoint","urlTemplate":"https:\/\/www.unither-pharma.biz\/pt-br\/?s={search_term_string}"},"query-input":{"@type":"PropertyValueSpecification","valueRequired":true,"valueName":"search_term_string"}}],"inLanguage":"pt-BR"},{"@type":"Organization","@id":"https:\/\/www.unither-pharma.biz\/pt-br\/#organization","name":"Unither","url":"https:\/\/www.unither-pharma.biz\/pt-br\/","logo":{"@type":"ImageObject","inLanguage":"pt-BR","@id":"https:\/\/www.unither-pharma.biz\/pt-br\/#\/schema\/logo\/image\/","url":"https:\/\/www.unither-pharma.biz\/wp-content\/uploads\/2026\/01\/logo-unither-pharmaceuticals-site-internet.png","contentUrl":"https:\/\/www.unither-pharma.biz\/wp-content\/uploads\/2026\/01\/logo-unither-pharmaceuticals-site-internet.png","width":514,"height":252,"caption":"Unither"},"image":{"@id":"https:\/\/www.unither-pharma.biz\/pt-br\/#\/schema\/logo\/image\/"},"sameAs":["https:\/\/x.com\/UnitherPharma","https:\/\/www.linkedin.com\/company\/unither-pharmaceuticals\/","https:\/\/www.youtube.com\/channel\/UCHaTbYrnICFU1MiLwNsKjMA"]}]}},"_links":{"self":[{"href":"https:\/\/www.unither-pharma.biz\/pt-br\/wp-json\/wp\/v2\/pages\/27191","targetHints":{"allow":["GET"]}}],"collection":[{"href":"https:\/\/www.unither-pharma.biz\/pt-br\/wp-json\/wp\/v2\/pages"}],"about":[{"href":"https:\/\/www.unither-pharma.biz\/pt-br\/wp-json\/wp\/v2\/types\/page"}],"author":[{"embeddable":true,"href":"https:\/\/www.unither-pharma.biz\/pt-br\/wp-json\/wp\/v2\/users\/3"}],"replies":[{"embeddable":true,"href":"https:\/\/www.unither-pharma.biz\/pt-br\/wp-json\/wp\/v2\/comments?post=27191"}],"version-history":[{"count":5,"href":"https:\/\/www.unither-pharma.biz\/pt-br\/wp-json\/wp\/v2\/pages\/27191\/revisions"}],"predecessor-version":[{"id":32554,"href":"https:\/\/www.unither-pharma.biz\/pt-br\/wp-json\/wp\/v2\/pages\/27191\/revisions\/32554"}],"up":[{"embeddable":true,"href":"https:\/\/www.unither-pharma.biz\/pt-br\/wp-json\/wp\/v2\/pages\/27172"}],"wp:featuredmedia":[{"embeddable":true,"href":"https:\/\/www.unither-pharma.biz\/pt-br\/wp-json\/wp\/v2\/media\/27184"}],"wp:attachment":[{"href":"https:\/\/www.unither-pharma.biz\/pt-br\/wp-json\/wp\/v2\/media?parent=27191"}],"wp:term":[{"taxonomy":"post_tag","embeddable":true,"href":"https:\/\/www.unither-pharma.biz\/pt-br\/wp-json\/wp\/v2\/tags?post=27191"}],"curies":[{"name":"wp","href":"https:\/\/api.w.org\/{rel}","templated":true}]}}