{"id":27182,"date":"2025-12-08T13:43:10","date_gmt":"2025-12-08T12:43:10","guid":{"rendered":"https:\/\/www.unither-pharma.biz\/por-tecnologias\/spray\/"},"modified":"2026-04-15T13:57:37","modified_gmt":"2026-04-15T11:57:37","slug":"spray","status":"publish","type":"page","link":"https:\/\/www.unither-pharma.biz\/pt-br\/por-tecnologias\/spray\/","title":{"rendered":"Spray"},"content":{"rendered":"","protected":false},"excerpt":{"rendered":"","protected":false},"author":3,"featured_media":27181,"parent":27172,"menu_order":0,"comment_status":"closed","ping_status":"closed","template":"","meta":{"_acf_changed":false,"footnotes":""},"tags":[],"class_list":["post-27182","page","type-page","status-publish","has-post-thumbnail","hentry"],"acf":[],"yoast_head":"<!-- This site is optimized with the Yoast SEO plugin v27.2 - https:\/\/yoast.com\/product\/yoast-seo-wordpress\/ -->\n<title>Spray Nasal Farmac\u00eautico | Fabrica\u00e7\u00e3o ORL | Unither<\/title>\n<meta name=\"description\" content=\"Fabrica\u00e7\u00e3o de sprays nasais e orofar\u00edngeos. Tecnologias de pulveriza\u00e7\u00e3o avan\u00e7adas para tratamentos ORL. Dosagem precisa e administra\u00e7\u00e3o f\u00e1cil.\" \/>\n<meta name=\"robots\" content=\"index, follow, max-snippet:-1, max-image-preview:large, max-video-preview:-1\" \/>\n<link rel=\"canonical\" href=\"https:\/\/www.unither-pharma.biz\/pt-br\/por-tecnologias\/spray\/\" \/>\n<meta property=\"og:locale\" content=\"pt_BR\" \/>\n<meta property=\"og:type\" content=\"article\" \/>\n<meta property=\"og:title\" content=\"Spray Nasal Farmac\u00eautico | Fabrica\u00e7\u00e3o ORL | Unither\" \/>\n<meta property=\"og:description\" content=\"Fabrica\u00e7\u00e3o de sprays nasais e orofar\u00edngeos. Tecnologias de pulveriza\u00e7\u00e3o avan\u00e7adas para tratamentos ORL. Dosagem precisa e administra\u00e7\u00e3o f\u00e1cil.\" \/>\n<meta property=\"og:url\" content=\"https:\/\/www.unither-pharma.biz\/pt-br\/por-tecnologias\/spray\/\" \/>\n<meta property=\"og:site_name\" content=\"Unither\" \/>\n<meta property=\"article:modified_time\" content=\"2026-04-15T11:57:37+00:00\" \/>\n<meta property=\"og:image\" content=\"https:\/\/www.unither-pharma.biz\/wp-content\/uploads\/2025\/12\/Nos-solutions-technologies-spray-scaled.jpg\" \/>\n\t<meta property=\"og:image:width\" content=\"2048\" \/>\n\t<meta property=\"og:image:height\" content=\"885\" \/>\n\t<meta property=\"og:image:type\" content=\"image\/jpeg\" \/>\n<meta name=\"twitter:card\" content=\"summary_large_image\" \/>\n<meta name=\"twitter:site\" content=\"@UnitherPharma\" \/>\n<meta name=\"twitter:label1\" content=\"Est. tempo de leitura\" \/>\n\t<meta name=\"twitter:data1\" content=\"1 minuto\" \/>\n<script type=\"application\/ld+json\" class=\"yoast-schema-graph\">{\"@context\":\"https:\/\/schema.org\",\"@graph\":[{\"@type\":\"WebPage\",\"@id\":\"https:\/\/www.unither-pharma.biz\/pt-br\/por-tecnologias\/spray\/\",\"url\":\"https:\/\/www.unither-pharma.biz\/pt-br\/por-tecnologias\/spray\/\",\"name\":\"Spray Nasal Farmac\u00eautico | Fabrica\u00e7\u00e3o ORL | Unither\",\"isPartOf\":{\"@id\":\"https:\/\/www.unither-pharma.biz\/pt-br\/#website\"},\"primaryImageOfPage\":{\"@id\":\"https:\/\/www.unither-pharma.biz\/pt-br\/por-tecnologias\/spray\/#primaryimage\"},\"image\":{\"@id\":\"https:\/\/www.unither-pharma.biz\/pt-br\/por-tecnologias\/spray\/#primaryimage\"},\"thumbnailUrl\":\"https:\/\/www.unither-pharma.biz\/wp-content\/uploads\/2025\/12\/Nos-solutions-technologies-spray-scaled.jpg\",\"datePublished\":\"2025-12-08T12:43:10+00:00\",\"dateModified\":\"2026-04-15T11:57:37+00:00\",\"description\":\"Fabrica\u00e7\u00e3o de sprays nasais e orofar\u00edngeos. Tecnologias de pulveriza\u00e7\u00e3o avan\u00e7adas para tratamentos ORL. Dosagem precisa e administra\u00e7\u00e3o f\u00e1cil.\",\"breadcrumb\":{\"@id\":\"https:\/\/www.unither-pharma.biz\/pt-br\/por-tecnologias\/spray\/#breadcrumb\"},\"inLanguage\":\"pt-BR\",\"potentialAction\":[{\"@type\":\"ReadAction\",\"target\":[\"https:\/\/www.unither-pharma.biz\/pt-br\/por-tecnologias\/spray\/\"]}]},{\"@type\":\"ImageObject\",\"inLanguage\":\"pt-BR\",\"@id\":\"https:\/\/www.unither-pharma.biz\/pt-br\/por-tecnologias\/spray\/#primaryimage\",\"url\":\"https:\/\/www.unither-pharma.biz\/wp-content\/uploads\/2025\/12\/Nos-solutions-technologies-spray-scaled.jpg\",\"contentUrl\":\"https:\/\/www.unither-pharma.biz\/wp-content\/uploads\/2025\/12\/Nos-solutions-technologies-spray-scaled.jpg\",\"width\":2048,\"height\":885,\"caption\":\"Spray\"},{\"@type\":\"BreadcrumbList\",\"@id\":\"https:\/\/www.unither-pharma.biz\/pt-br\/por-tecnologias\/spray\/#breadcrumb\",\"itemListElement\":[{\"@type\":\"ListItem\",\"position\":1,\"name\":\"Home\",\"item\":\"https:\/\/www.unither-pharma.biz\/pt-br\/\"},{\"@type\":\"ListItem\",\"position\":2,\"name\":\"Por tecnologia\",\"item\":\"https:\/\/dev8.id-interactive.fr\/new_unither\/pt-br\/por-tecnologias\/\"},{\"@type\":\"ListItem\",\"position\":3,\"name\":\"Spray\"}]},{\"@type\":\"WebSite\",\"@id\":\"https:\/\/www.unither-pharma.biz\/pt-br\/#website\",\"url\":\"https:\/\/www.unither-pharma.biz\/pt-br\/\",\"name\":\"Unither\",\"description\":\"\",\"publisher\":{\"@id\":\"https:\/\/www.unither-pharma.biz\/pt-br\/#organization\"},\"potentialAction\":[{\"@type\":\"SearchAction\",\"target\":{\"@type\":\"EntryPoint\",\"urlTemplate\":\"https:\/\/www.unither-pharma.biz\/pt-br\/?s={search_term_string}\"},\"query-input\":{\"@type\":\"PropertyValueSpecification\",\"valueRequired\":true,\"valueName\":\"search_term_string\"}}],\"inLanguage\":\"pt-BR\"},{\"@type\":\"Organization\",\"@id\":\"https:\/\/www.unither-pharma.biz\/pt-br\/#organization\",\"name\":\"Unither\",\"url\":\"https:\/\/www.unither-pharma.biz\/pt-br\/\",\"logo\":{\"@type\":\"ImageObject\",\"inLanguage\":\"pt-BR\",\"@id\":\"https:\/\/www.unither-pharma.biz\/pt-br\/#\/schema\/logo\/image\/\",\"url\":\"https:\/\/www.unither-pharma.biz\/wp-content\/uploads\/2026\/01\/logo-unither-pharmaceuticals-site-internet.png\",\"contentUrl\":\"https:\/\/www.unither-pharma.biz\/wp-content\/uploads\/2026\/01\/logo-unither-pharmaceuticals-site-internet.png\",\"width\":514,\"height\":252,\"caption\":\"Unither\"},\"image\":{\"@id\":\"https:\/\/www.unither-pharma.biz\/pt-br\/#\/schema\/logo\/image\/\"},\"sameAs\":[\"https:\/\/x.com\/UnitherPharma\",\"https:\/\/www.linkedin.com\/company\/unither-pharmaceuticals\/\",\"https:\/\/www.youtube.com\/channel\/UCHaTbYrnICFU1MiLwNsKjMA\"]}]}<\/script>\n<!-- \/ Yoast SEO plugin. -->","yoast_head_json":{"title":"Spray Nasal Farmac\u00eautico | Fabrica\u00e7\u00e3o ORL | Unither","description":"Fabrica\u00e7\u00e3o de sprays nasais e orofar\u00edngeos. Tecnologias de pulveriza\u00e7\u00e3o avan\u00e7adas para tratamentos ORL. Dosagem precisa e administra\u00e7\u00e3o f\u00e1cil.","robots":{"index":"index","follow":"follow","max-snippet":"max-snippet:-1","max-image-preview":"max-image-preview:large","max-video-preview":"max-video-preview:-1"},"canonical":"https:\/\/www.unither-pharma.biz\/pt-br\/por-tecnologias\/spray\/","og_locale":"pt_BR","og_type":"article","og_title":"Spray Nasal Farmac\u00eautico | Fabrica\u00e7\u00e3o ORL | Unither","og_description":"Fabrica\u00e7\u00e3o de sprays nasais e orofar\u00edngeos. Tecnologias de pulveriza\u00e7\u00e3o avan\u00e7adas para tratamentos ORL. Dosagem precisa e administra\u00e7\u00e3o f\u00e1cil.","og_url":"https:\/\/www.unither-pharma.biz\/pt-br\/por-tecnologias\/spray\/","og_site_name":"Unither","article_modified_time":"2026-04-15T11:57:37+00:00","og_image":[{"width":2048,"height":885,"url":"https:\/\/www.unither-pharma.biz\/wp-content\/uploads\/2025\/12\/Nos-solutions-technologies-spray-scaled.jpg","type":"image\/jpeg"}],"twitter_card":"summary_large_image","twitter_site":"@UnitherPharma","twitter_misc":{"Est. tempo de leitura":"1 minuto"},"schema":{"@context":"https:\/\/schema.org","@graph":[{"@type":"WebPage","@id":"https:\/\/www.unither-pharma.biz\/pt-br\/por-tecnologias\/spray\/","url":"https:\/\/www.unither-pharma.biz\/pt-br\/por-tecnologias\/spray\/","name":"Spray Nasal Farmac\u00eautico | Fabrica\u00e7\u00e3o ORL | Unither","isPartOf":{"@id":"https:\/\/www.unither-pharma.biz\/pt-br\/#website"},"primaryImageOfPage":{"@id":"https:\/\/www.unither-pharma.biz\/pt-br\/por-tecnologias\/spray\/#primaryimage"},"image":{"@id":"https:\/\/www.unither-pharma.biz\/pt-br\/por-tecnologias\/spray\/#primaryimage"},"thumbnailUrl":"https:\/\/www.unither-pharma.biz\/wp-content\/uploads\/2025\/12\/Nos-solutions-technologies-spray-scaled.jpg","datePublished":"2025-12-08T12:43:10+00:00","dateModified":"2026-04-15T11:57:37+00:00","description":"Fabrica\u00e7\u00e3o de sprays nasais e orofar\u00edngeos. Tecnologias de pulveriza\u00e7\u00e3o avan\u00e7adas para tratamentos ORL. Dosagem precisa e administra\u00e7\u00e3o f\u00e1cil.","breadcrumb":{"@id":"https:\/\/www.unither-pharma.biz\/pt-br\/por-tecnologias\/spray\/#breadcrumb"},"inLanguage":"pt-BR","potentialAction":[{"@type":"ReadAction","target":["https:\/\/www.unither-pharma.biz\/pt-br\/por-tecnologias\/spray\/"]}]},{"@type":"ImageObject","inLanguage":"pt-BR","@id":"https:\/\/www.unither-pharma.biz\/pt-br\/por-tecnologias\/spray\/#primaryimage","url":"https:\/\/www.unither-pharma.biz\/wp-content\/uploads\/2025\/12\/Nos-solutions-technologies-spray-scaled.jpg","contentUrl":"https:\/\/www.unither-pharma.biz\/wp-content\/uploads\/2025\/12\/Nos-solutions-technologies-spray-scaled.jpg","width":2048,"height":885,"caption":"Spray"},{"@type":"BreadcrumbList","@id":"https:\/\/www.unither-pharma.biz\/pt-br\/por-tecnologias\/spray\/#breadcrumb","itemListElement":[{"@type":"ListItem","position":1,"name":"Home","item":"https:\/\/www.unither-pharma.biz\/pt-br\/"},{"@type":"ListItem","position":2,"name":"Por tecnologia","item":"https:\/\/dev8.id-interactive.fr\/new_unither\/pt-br\/por-tecnologias\/"},{"@type":"ListItem","position":3,"name":"Spray"}]},{"@type":"WebSite","@id":"https:\/\/www.unither-pharma.biz\/pt-br\/#website","url":"https:\/\/www.unither-pharma.biz\/pt-br\/","name":"Unither","description":"","publisher":{"@id":"https:\/\/www.unither-pharma.biz\/pt-br\/#organization"},"potentialAction":[{"@type":"SearchAction","target":{"@type":"EntryPoint","urlTemplate":"https:\/\/www.unither-pharma.biz\/pt-br\/?s={search_term_string}"},"query-input":{"@type":"PropertyValueSpecification","valueRequired":true,"valueName":"search_term_string"}}],"inLanguage":"pt-BR"},{"@type":"Organization","@id":"https:\/\/www.unither-pharma.biz\/pt-br\/#organization","name":"Unither","url":"https:\/\/www.unither-pharma.biz\/pt-br\/","logo":{"@type":"ImageObject","inLanguage":"pt-BR","@id":"https:\/\/www.unither-pharma.biz\/pt-br\/#\/schema\/logo\/image\/","url":"https:\/\/www.unither-pharma.biz\/wp-content\/uploads\/2026\/01\/logo-unither-pharmaceuticals-site-internet.png","contentUrl":"https:\/\/www.unither-pharma.biz\/wp-content\/uploads\/2026\/01\/logo-unither-pharmaceuticals-site-internet.png","width":514,"height":252,"caption":"Unither"},"image":{"@id":"https:\/\/www.unither-pharma.biz\/pt-br\/#\/schema\/logo\/image\/"},"sameAs":["https:\/\/x.com\/UnitherPharma","https:\/\/www.linkedin.com\/company\/unither-pharmaceuticals\/","https:\/\/www.youtube.com\/channel\/UCHaTbYrnICFU1MiLwNsKjMA"]}]}},"_links":{"self":[{"href":"https:\/\/www.unither-pharma.biz\/pt-br\/wp-json\/wp\/v2\/pages\/27182","targetHints":{"allow":["GET"]}}],"collection":[{"href":"https:\/\/www.unither-pharma.biz\/pt-br\/wp-json\/wp\/v2\/pages"}],"about":[{"href":"https:\/\/www.unither-pharma.biz\/pt-br\/wp-json\/wp\/v2\/types\/page"}],"author":[{"embeddable":true,"href":"https:\/\/www.unither-pharma.biz\/pt-br\/wp-json\/wp\/v2\/users\/3"}],"replies":[{"embeddable":true,"href":"https:\/\/www.unither-pharma.biz\/pt-br\/wp-json\/wp\/v2\/comments?post=27182"}],"version-history":[{"count":8,"href":"https:\/\/www.unither-pharma.biz\/pt-br\/wp-json\/wp\/v2\/pages\/27182\/revisions"}],"predecessor-version":[{"id":32580,"href":"https:\/\/www.unither-pharma.biz\/pt-br\/wp-json\/wp\/v2\/pages\/27182\/revisions\/32580"}],"up":[{"embeddable":true,"href":"https:\/\/www.unither-pharma.biz\/pt-br\/wp-json\/wp\/v2\/pages\/27172"}],"wp:featuredmedia":[{"embeddable":true,"href":"https:\/\/www.unither-pharma.biz\/pt-br\/wp-json\/wp\/v2\/media\/27181"}],"wp:attachment":[{"href":"https:\/\/www.unither-pharma.biz\/pt-br\/wp-json\/wp\/v2\/media?parent=27182"}],"wp:term":[{"taxonomy":"post_tag","embeddable":true,"href":"https:\/\/www.unither-pharma.biz\/pt-br\/wp-json\/wp\/v2\/tags?post=27182"}],"curies":[{"name":"wp","href":"https:\/\/api.w.org\/{rel}","templated":true}]}}