{"id":27174,"date":"2025-09-22T10:43:57","date_gmt":"2025-09-22T08:43:57","guid":{"rendered":"https:\/\/www.unither-pharma.biz\/por-tecnologias\/blow-fill-seal-bfs\/"},"modified":"2026-03-18T14:31:40","modified_gmt":"2026-03-18T13:31:40","slug":"blow-fill-seal-bfs","status":"publish","type":"page","link":"https:\/\/www.unither-pharma.biz\/pt-br\/por-tecnologias\/blow-fill-seal-bfs\/","title":{"rendered":"Blow-Fill-Seal (BFS)"},"content":{"rendered":"","protected":false},"excerpt":{"rendered":"","protected":false},"author":1,"featured_media":23714,"parent":27172,"menu_order":0,"comment_status":"closed","ping_status":"closed","template":"","meta":{"_acf_changed":false,"footnotes":""},"tags":[97],"class_list":["post-27174","page","type-page","status-publish","has-post-thumbnail","hentry","tag-bfs"],"acf":[],"yoast_head":"<!-- This site is optimized with the Yoast SEO plugin v27.2 - https:\/\/yoast.com\/product\/yoast-seo-wordpress\/ -->\n<title>Blow-Fill-Seal (BFS) | Fabrica\u00e7\u00e3o Unidoses Est\u00e9reis | Unither<\/title>\n<meta name=\"description\" content=\"L\u00edder mundial em tecnologia Blow-Fill-Seal (BFS) para unidoses est\u00e9reis. Fabrica\u00e7\u00e3o farmac\u00eautica oftalmologia, ORL, injet\u00e1veis. Processo ass\u00e9ptico automatizado.\" \/>\n<meta name=\"robots\" content=\"index, follow, max-snippet:-1, max-image-preview:large, max-video-preview:-1\" \/>\n<link rel=\"canonical\" href=\"https:\/\/www.unither-pharma.biz\/pt-br\/por-tecnologias\/blow-fill-seal-bfs\/\" \/>\n<meta property=\"og:locale\" content=\"pt_BR\" \/>\n<meta property=\"og:type\" content=\"article\" \/>\n<meta property=\"og:title\" content=\"Blow-Fill-Seal (BFS) | Fabrica\u00e7\u00e3o Unidoses Est\u00e9reis | Unither\" \/>\n<meta property=\"og:description\" content=\"L\u00edder mundial em tecnologia Blow-Fill-Seal (BFS) para unidoses est\u00e9reis. Fabrica\u00e7\u00e3o farmac\u00eautica oftalmologia, ORL, injet\u00e1veis. Processo ass\u00e9ptico automatizado.\" \/>\n<meta property=\"og:url\" content=\"https:\/\/www.unither-pharma.biz\/pt-br\/por-tecnologias\/blow-fill-seal-bfs\/\" \/>\n<meta property=\"og:site_name\" content=\"Unither\" \/>\n<meta property=\"article:modified_time\" content=\"2026-03-18T13:31:40+00:00\" \/>\n<meta property=\"og:image\" content=\"https:\/\/www.unither-pharma.biz\/wp-content\/uploads\/2025\/07\/Technologies_Blow-Fill-Seal-3-scaled.jpg\" \/>\n\t<meta property=\"og:image:width\" content=\"2048\" \/>\n\t<meta property=\"og:image:height\" content=\"885\" \/>\n\t<meta property=\"og:image:type\" content=\"image\/jpeg\" \/>\n<meta name=\"twitter:card\" content=\"summary_large_image\" \/>\n<meta name=\"twitter:site\" content=\"@UnitherPharma\" \/>\n<meta name=\"twitter:label1\" content=\"Est. tempo de leitura\" \/>\n\t<meta name=\"twitter:data1\" content=\"1 minuto\" \/>\n<script type=\"application\/ld+json\" class=\"yoast-schema-graph\">{\"@context\":\"https:\/\/schema.org\",\"@graph\":[{\"@type\":\"WebPage\",\"@id\":\"https:\/\/www.unither-pharma.biz\/pt-br\/por-tecnologias\/blow-fill-seal-bfs\/\",\"url\":\"https:\/\/www.unither-pharma.biz\/pt-br\/por-tecnologias\/blow-fill-seal-bfs\/\",\"name\":\"Blow-Fill-Seal (BFS) | Fabrica\u00e7\u00e3o Unidoses Est\u00e9reis | Unither\",\"isPartOf\":{\"@id\":\"https:\/\/www.unither-pharma.biz\/pt-br\/#website\"},\"primaryImageOfPage\":{\"@id\":\"https:\/\/www.unither-pharma.biz\/pt-br\/por-tecnologias\/blow-fill-seal-bfs\/#primaryimage\"},\"image\":{\"@id\":\"https:\/\/www.unither-pharma.biz\/pt-br\/por-tecnologias\/blow-fill-seal-bfs\/#primaryimage\"},\"thumbnailUrl\":\"https:\/\/www.unither-pharma.biz\/wp-content\/uploads\/2025\/07\/Technologies_Blow-Fill-Seal-3-scaled.jpg\",\"datePublished\":\"2025-09-22T08:43:57+00:00\",\"dateModified\":\"2026-03-18T13:31:40+00:00\",\"description\":\"L\u00edder mundial em tecnologia Blow-Fill-Seal (BFS) para unidoses est\u00e9reis. Fabrica\u00e7\u00e3o farmac\u00eautica oftalmologia, ORL, injet\u00e1veis. Processo ass\u00e9ptico automatizado.\",\"breadcrumb\":{\"@id\":\"https:\/\/www.unither-pharma.biz\/pt-br\/por-tecnologias\/blow-fill-seal-bfs\/#breadcrumb\"},\"inLanguage\":\"pt-BR\",\"potentialAction\":[{\"@type\":\"ReadAction\",\"target\":[\"https:\/\/www.unither-pharma.biz\/pt-br\/por-tecnologias\/blow-fill-seal-bfs\/\"]}]},{\"@type\":\"ImageObject\",\"inLanguage\":\"pt-BR\",\"@id\":\"https:\/\/www.unither-pharma.biz\/pt-br\/por-tecnologias\/blow-fill-seal-bfs\/#primaryimage\",\"url\":\"https:\/\/www.unither-pharma.biz\/wp-content\/uploads\/2025\/07\/Technologies_Blow-Fill-Seal-3-scaled.jpg\",\"contentUrl\":\"https:\/\/www.unither-pharma.biz\/wp-content\/uploads\/2025\/07\/Technologies_Blow-Fill-Seal-3-scaled.jpg\",\"width\":2048,\"height\":885,\"caption\":\"Tecnologias_Blow-Fill-Seal\"},{\"@type\":\"BreadcrumbList\",\"@id\":\"https:\/\/www.unither-pharma.biz\/pt-br\/por-tecnologias\/blow-fill-seal-bfs\/#breadcrumb\",\"itemListElement\":[{\"@type\":\"ListItem\",\"position\":1,\"name\":\"Home\",\"item\":\"https:\/\/www.unither-pharma.biz\/pt-br\/\"},{\"@type\":\"ListItem\",\"position\":2,\"name\":\"Por tecnologia\",\"item\":\"https:\/\/dev8.id-interactive.fr\/new_unither\/pt-br\/por-tecnologias\/\"},{\"@type\":\"ListItem\",\"position\":3,\"name\":\"Blow-Fill-Seal (BFS)\"}]},{\"@type\":\"WebSite\",\"@id\":\"https:\/\/www.unither-pharma.biz\/pt-br\/#website\",\"url\":\"https:\/\/www.unither-pharma.biz\/pt-br\/\",\"name\":\"Unither\",\"description\":\"\",\"publisher\":{\"@id\":\"https:\/\/www.unither-pharma.biz\/pt-br\/#organization\"},\"potentialAction\":[{\"@type\":\"SearchAction\",\"target\":{\"@type\":\"EntryPoint\",\"urlTemplate\":\"https:\/\/www.unither-pharma.biz\/pt-br\/?s={search_term_string}\"},\"query-input\":{\"@type\":\"PropertyValueSpecification\",\"valueRequired\":true,\"valueName\":\"search_term_string\"}}],\"inLanguage\":\"pt-BR\"},{\"@type\":\"Organization\",\"@id\":\"https:\/\/www.unither-pharma.biz\/pt-br\/#organization\",\"name\":\"Unither\",\"url\":\"https:\/\/www.unither-pharma.biz\/pt-br\/\",\"logo\":{\"@type\":\"ImageObject\",\"inLanguage\":\"pt-BR\",\"@id\":\"https:\/\/www.unither-pharma.biz\/pt-br\/#\/schema\/logo\/image\/\",\"url\":\"https:\/\/www.unither-pharma.biz\/wp-content\/uploads\/2026\/01\/logo-unither-pharmaceuticals-site-internet.png\",\"contentUrl\":\"https:\/\/www.unither-pharma.biz\/wp-content\/uploads\/2026\/01\/logo-unither-pharmaceuticals-site-internet.png\",\"width\":514,\"height\":252,\"caption\":\"Unither\"},\"image\":{\"@id\":\"https:\/\/www.unither-pharma.biz\/pt-br\/#\/schema\/logo\/image\/\"},\"sameAs\":[\"https:\/\/x.com\/UnitherPharma\",\"https:\/\/www.linkedin.com\/company\/unither-pharmaceuticals\/\",\"https:\/\/www.youtube.com\/channel\/UCHaTbYrnICFU1MiLwNsKjMA\"]}]}<\/script>\n<!-- \/ Yoast SEO plugin. -->","yoast_head_json":{"title":"Blow-Fill-Seal (BFS) | Fabrica\u00e7\u00e3o Unidoses Est\u00e9reis | Unither","description":"L\u00edder mundial em tecnologia Blow-Fill-Seal (BFS) para unidoses est\u00e9reis. Fabrica\u00e7\u00e3o farmac\u00eautica oftalmologia, ORL, injet\u00e1veis. Processo ass\u00e9ptico automatizado.","robots":{"index":"index","follow":"follow","max-snippet":"max-snippet:-1","max-image-preview":"max-image-preview:large","max-video-preview":"max-video-preview:-1"},"canonical":"https:\/\/www.unither-pharma.biz\/pt-br\/por-tecnologias\/blow-fill-seal-bfs\/","og_locale":"pt_BR","og_type":"article","og_title":"Blow-Fill-Seal (BFS) | Fabrica\u00e7\u00e3o Unidoses Est\u00e9reis | Unither","og_description":"L\u00edder mundial em tecnologia Blow-Fill-Seal (BFS) para unidoses est\u00e9reis. Fabrica\u00e7\u00e3o farmac\u00eautica oftalmologia, ORL, injet\u00e1veis. Processo ass\u00e9ptico automatizado.","og_url":"https:\/\/www.unither-pharma.biz\/pt-br\/por-tecnologias\/blow-fill-seal-bfs\/","og_site_name":"Unither","article_modified_time":"2026-03-18T13:31:40+00:00","og_image":[{"width":2048,"height":885,"url":"https:\/\/www.unither-pharma.biz\/wp-content\/uploads\/2025\/07\/Technologies_Blow-Fill-Seal-3-scaled.jpg","type":"image\/jpeg"}],"twitter_card":"summary_large_image","twitter_site":"@UnitherPharma","twitter_misc":{"Est. tempo de leitura":"1 minuto"},"schema":{"@context":"https:\/\/schema.org","@graph":[{"@type":"WebPage","@id":"https:\/\/www.unither-pharma.biz\/pt-br\/por-tecnologias\/blow-fill-seal-bfs\/","url":"https:\/\/www.unither-pharma.biz\/pt-br\/por-tecnologias\/blow-fill-seal-bfs\/","name":"Blow-Fill-Seal (BFS) | Fabrica\u00e7\u00e3o Unidoses Est\u00e9reis | Unither","isPartOf":{"@id":"https:\/\/www.unither-pharma.biz\/pt-br\/#website"},"primaryImageOfPage":{"@id":"https:\/\/www.unither-pharma.biz\/pt-br\/por-tecnologias\/blow-fill-seal-bfs\/#primaryimage"},"image":{"@id":"https:\/\/www.unither-pharma.biz\/pt-br\/por-tecnologias\/blow-fill-seal-bfs\/#primaryimage"},"thumbnailUrl":"https:\/\/www.unither-pharma.biz\/wp-content\/uploads\/2025\/07\/Technologies_Blow-Fill-Seal-3-scaled.jpg","datePublished":"2025-09-22T08:43:57+00:00","dateModified":"2026-03-18T13:31:40+00:00","description":"L\u00edder mundial em tecnologia Blow-Fill-Seal (BFS) para unidoses est\u00e9reis. Fabrica\u00e7\u00e3o farmac\u00eautica oftalmologia, ORL, injet\u00e1veis. Processo ass\u00e9ptico automatizado.","breadcrumb":{"@id":"https:\/\/www.unither-pharma.biz\/pt-br\/por-tecnologias\/blow-fill-seal-bfs\/#breadcrumb"},"inLanguage":"pt-BR","potentialAction":[{"@type":"ReadAction","target":["https:\/\/www.unither-pharma.biz\/pt-br\/por-tecnologias\/blow-fill-seal-bfs\/"]}]},{"@type":"ImageObject","inLanguage":"pt-BR","@id":"https:\/\/www.unither-pharma.biz\/pt-br\/por-tecnologias\/blow-fill-seal-bfs\/#primaryimage","url":"https:\/\/www.unither-pharma.biz\/wp-content\/uploads\/2025\/07\/Technologies_Blow-Fill-Seal-3-scaled.jpg","contentUrl":"https:\/\/www.unither-pharma.biz\/wp-content\/uploads\/2025\/07\/Technologies_Blow-Fill-Seal-3-scaled.jpg","width":2048,"height":885,"caption":"Tecnologias_Blow-Fill-Seal"},{"@type":"BreadcrumbList","@id":"https:\/\/www.unither-pharma.biz\/pt-br\/por-tecnologias\/blow-fill-seal-bfs\/#breadcrumb","itemListElement":[{"@type":"ListItem","position":1,"name":"Home","item":"https:\/\/www.unither-pharma.biz\/pt-br\/"},{"@type":"ListItem","position":2,"name":"Por tecnologia","item":"https:\/\/dev8.id-interactive.fr\/new_unither\/pt-br\/por-tecnologias\/"},{"@type":"ListItem","position":3,"name":"Blow-Fill-Seal (BFS)"}]},{"@type":"WebSite","@id":"https:\/\/www.unither-pharma.biz\/pt-br\/#website","url":"https:\/\/www.unither-pharma.biz\/pt-br\/","name":"Unither","description":"","publisher":{"@id":"https:\/\/www.unither-pharma.biz\/pt-br\/#organization"},"potentialAction":[{"@type":"SearchAction","target":{"@type":"EntryPoint","urlTemplate":"https:\/\/www.unither-pharma.biz\/pt-br\/?s={search_term_string}"},"query-input":{"@type":"PropertyValueSpecification","valueRequired":true,"valueName":"search_term_string"}}],"inLanguage":"pt-BR"},{"@type":"Organization","@id":"https:\/\/www.unither-pharma.biz\/pt-br\/#organization","name":"Unither","url":"https:\/\/www.unither-pharma.biz\/pt-br\/","logo":{"@type":"ImageObject","inLanguage":"pt-BR","@id":"https:\/\/www.unither-pharma.biz\/pt-br\/#\/schema\/logo\/image\/","url":"https:\/\/www.unither-pharma.biz\/wp-content\/uploads\/2026\/01\/logo-unither-pharmaceuticals-site-internet.png","contentUrl":"https:\/\/www.unither-pharma.biz\/wp-content\/uploads\/2026\/01\/logo-unither-pharmaceuticals-site-internet.png","width":514,"height":252,"caption":"Unither"},"image":{"@id":"https:\/\/www.unither-pharma.biz\/pt-br\/#\/schema\/logo\/image\/"},"sameAs":["https:\/\/x.com\/UnitherPharma","https:\/\/www.linkedin.com\/company\/unither-pharmaceuticals\/","https:\/\/www.youtube.com\/channel\/UCHaTbYrnICFU1MiLwNsKjMA"]}]}},"_links":{"self":[{"href":"https:\/\/www.unither-pharma.biz\/pt-br\/wp-json\/wp\/v2\/pages\/27174","targetHints":{"allow":["GET"]}}],"collection":[{"href":"https:\/\/www.unither-pharma.biz\/pt-br\/wp-json\/wp\/v2\/pages"}],"about":[{"href":"https:\/\/www.unither-pharma.biz\/pt-br\/wp-json\/wp\/v2\/types\/page"}],"author":[{"embeddable":true,"href":"https:\/\/www.unither-pharma.biz\/pt-br\/wp-json\/wp\/v2\/users\/1"}],"replies":[{"embeddable":true,"href":"https:\/\/www.unither-pharma.biz\/pt-br\/wp-json\/wp\/v2\/comments?post=27174"}],"version-history":[{"count":7,"href":"https:\/\/www.unither-pharma.biz\/pt-br\/wp-json\/wp\/v2\/pages\/27174\/revisions"}],"predecessor-version":[{"id":32328,"href":"https:\/\/www.unither-pharma.biz\/pt-br\/wp-json\/wp\/v2\/pages\/27174\/revisions\/32328"}],"up":[{"embeddable":true,"href":"https:\/\/www.unither-pharma.biz\/pt-br\/wp-json\/wp\/v2\/pages\/27172"}],"wp:featuredmedia":[{"embeddable":true,"href":"https:\/\/www.unither-pharma.biz\/pt-br\/wp-json\/wp\/v2\/media\/23714"}],"wp:attachment":[{"href":"https:\/\/www.unither-pharma.biz\/pt-br\/wp-json\/wp\/v2\/media?parent=27174"}],"wp:term":[{"taxonomy":"post_tag","embeddable":true,"href":"https:\/\/www.unither-pharma.biz\/pt-br\/wp-json\/wp\/v2\/tags?post=27174"}],"curies":[{"name":"wp","href":"https:\/\/api.w.org\/{rel}","templated":true}]}}