{"id":27084,"date":"2025-07-10T11:51:17","date_gmt":"2025-07-10T09:51:17","guid":{"rendered":"https:\/\/www.unither-pharma.biz\/fabricacao-de-lotes-clinicos-placebos\/"},"modified":"2026-01-28T17:38:07","modified_gmt":"2026-01-28T16:38:07","slug":"fabricacao-de-lotes-clinicos-placebos","status":"publish","type":"page","link":"https:\/\/www.unither-pharma.biz\/pt-br\/desenvolvimento\/fabricacao-de-lotes-clinicos-placebos\/","title":{"rendered":"Fabrica\u00e7\u00e3o de lotes cl\u00ednicos &amp; placebos"},"content":{"rendered":"","protected":false},"excerpt":{"rendered":"<p>Produ\u00e7\u00e3o GMP \u00e1gil para proteger seus ensaios cl\u00ednicos.<\/p>\n","protected":false},"author":1,"featured_media":27488,"parent":27095,"menu_order":0,"comment_status":"closed","ping_status":"closed","template":"","meta":{"_acf_changed":false,"footnotes":""},"tags":[],"class_list":["post-27084","page","type-page","status-publish","has-post-thumbnail","hentry"],"acf":[],"yoast_head":"<!-- This site is optimized with the Yoast SEO plugin v27.2 - https:\/\/yoast.com\/product\/yoast-seo-wordpress\/ -->\n<title>Fabrica\u00e7\u00e3o Lotes Cl\u00ednicos &amp; Placebos | Unither<\/title>\n<meta name=\"description\" content=\"Fabrica\u00e7\u00e3o de lotes cl\u00ednicos fases I a III e placebos. Produ\u00e7\u00e3o GMP \u00e1gil e flex\u00edvel. Garantia dos ensaios cl\u00ednicos farmac\u00eauticos.\" \/>\n<meta name=\"robots\" content=\"index, follow, max-snippet:-1, max-image-preview:large, max-video-preview:-1\" \/>\n<link rel=\"canonical\" href=\"https:\/\/www.unither-pharma.biz\/pt-br\/desenvolvimento\/fabricacao-de-lotes-clinicos-placebos\/\" \/>\n<meta property=\"og:locale\" content=\"pt_BR\" \/>\n<meta property=\"og:type\" content=\"article\" \/>\n<meta property=\"og:title\" content=\"Fabrica\u00e7\u00e3o Lotes Cl\u00ednicos &amp; Placebos | Unither\" \/>\n<meta property=\"og:description\" content=\"Fabrica\u00e7\u00e3o de lotes cl\u00ednicos fases I a III e placebos. Produ\u00e7\u00e3o GMP \u00e1gil e flex\u00edvel. Garantia dos ensaios cl\u00ednicos farmac\u00eauticos.\" \/>\n<meta property=\"og:url\" content=\"https:\/\/www.unither-pharma.biz\/pt-br\/desenvolvimento\/fabricacao-de-lotes-clinicos-placebos\/\" \/>\n<meta property=\"og:site_name\" content=\"Unither\" \/>\n<meta property=\"article:modified_time\" content=\"2026-01-28T16:38:07+00:00\" \/>\n<meta property=\"og:image\" content=\"https:\/\/www.unither-pharma.biz\/wp-content\/uploads\/2025\/12\/Banniere-web-33-scaled.jpg\" \/>\n\t<meta property=\"og:image:width\" content=\"2048\" \/>\n\t<meta property=\"og:image:height\" content=\"885\" \/>\n\t<meta property=\"og:image:type\" content=\"image\/jpeg\" \/>\n<meta name=\"twitter:card\" content=\"summary_large_image\" \/>\n<meta name=\"twitter:site\" content=\"@UnitherPharma\" \/>\n<meta name=\"twitter:label1\" content=\"Est. tempo de leitura\" \/>\n\t<meta name=\"twitter:data1\" content=\"1 minuto\" \/>\n<script type=\"application\/ld+json\" class=\"yoast-schema-graph\">{\"@context\":\"https:\/\/schema.org\",\"@graph\":[{\"@type\":\"WebPage\",\"@id\":\"https:\/\/www.unither-pharma.biz\/pt-br\/desenvolvimento\/fabricacao-de-lotes-clinicos-placebos\/\",\"url\":\"https:\/\/www.unither-pharma.biz\/pt-br\/desenvolvimento\/fabricacao-de-lotes-clinicos-placebos\/\",\"name\":\"Fabrica\u00e7\u00e3o Lotes Cl\u00ednicos & Placebos | Unither\",\"isPartOf\":{\"@id\":\"https:\/\/www.unither-pharma.biz\/pt-br\/#website\"},\"primaryImageOfPage\":{\"@id\":\"https:\/\/www.unither-pharma.biz\/pt-br\/desenvolvimento\/fabricacao-de-lotes-clinicos-placebos\/#primaryimage\"},\"image\":{\"@id\":\"https:\/\/www.unither-pharma.biz\/pt-br\/desenvolvimento\/fabricacao-de-lotes-clinicos-placebos\/#primaryimage\"},\"thumbnailUrl\":\"https:\/\/www.unither-pharma.biz\/wp-content\/uploads\/2025\/12\/Banniere-web-33-scaled.jpg\",\"datePublished\":\"2025-07-10T09:51:17+00:00\",\"dateModified\":\"2026-01-28T16:38:07+00:00\",\"description\":\"Fabrica\u00e7\u00e3o de lotes cl\u00ednicos fases I a III e placebos. Produ\u00e7\u00e3o GMP \u00e1gil e flex\u00edvel. Garantia dos ensaios cl\u00ednicos farmac\u00eauticos.\",\"breadcrumb\":{\"@id\":\"https:\/\/www.unither-pharma.biz\/pt-br\/desenvolvimento\/fabricacao-de-lotes-clinicos-placebos\/#breadcrumb\"},\"inLanguage\":\"pt-BR\",\"potentialAction\":[{\"@type\":\"ReadAction\",\"target\":[\"https:\/\/www.unither-pharma.biz\/pt-br\/desenvolvimento\/fabricacao-de-lotes-clinicos-placebos\/\"]}]},{\"@type\":\"ImageObject\",\"inLanguage\":\"pt-BR\",\"@id\":\"https:\/\/www.unither-pharma.biz\/pt-br\/desenvolvimento\/fabricacao-de-lotes-clinicos-placebos\/#primaryimage\",\"url\":\"https:\/\/www.unither-pharma.biz\/wp-content\/uploads\/2025\/12\/Banniere-web-33-scaled.jpg\",\"contentUrl\":\"https:\/\/www.unither-pharma.biz\/wp-content\/uploads\/2025\/12\/Banniere-web-33-scaled.jpg\",\"width\":2048,\"height\":885,\"caption\":\"Produ\u00e7\u00e3o\"},{\"@type\":\"BreadcrumbList\",\"@id\":\"https:\/\/www.unither-pharma.biz\/pt-br\/desenvolvimento\/fabricacao-de-lotes-clinicos-placebos\/#breadcrumb\",\"itemListElement\":[{\"@type\":\"ListItem\",\"position\":1,\"name\":\"Home\",\"item\":\"https:\/\/www.unither-pharma.biz\/pt-br\/\"},{\"@type\":\"ListItem\",\"position\":2,\"name\":\"Desenvolvimento\",\"item\":\"https:\/\/www.unither-pharma.biz\/pt-br\/desenvolvimento\/\"},{\"@type\":\"ListItem\",\"position\":3,\"name\":\"Fabrica\u00e7\u00e3o de lotes cl\u00ednicos &amp; placebos\"}]},{\"@type\":\"WebSite\",\"@id\":\"https:\/\/www.unither-pharma.biz\/pt-br\/#website\",\"url\":\"https:\/\/www.unither-pharma.biz\/pt-br\/\",\"name\":\"Unither\",\"description\":\"\",\"publisher\":{\"@id\":\"https:\/\/www.unither-pharma.biz\/pt-br\/#organization\"},\"potentialAction\":[{\"@type\":\"SearchAction\",\"target\":{\"@type\":\"EntryPoint\",\"urlTemplate\":\"https:\/\/www.unither-pharma.biz\/pt-br\/?s={search_term_string}\"},\"query-input\":{\"@type\":\"PropertyValueSpecification\",\"valueRequired\":true,\"valueName\":\"search_term_string\"}}],\"inLanguage\":\"pt-BR\"},{\"@type\":\"Organization\",\"@id\":\"https:\/\/www.unither-pharma.biz\/pt-br\/#organization\",\"name\":\"Unither\",\"url\":\"https:\/\/www.unither-pharma.biz\/pt-br\/\",\"logo\":{\"@type\":\"ImageObject\",\"inLanguage\":\"pt-BR\",\"@id\":\"https:\/\/www.unither-pharma.biz\/pt-br\/#\/schema\/logo\/image\/\",\"url\":\"https:\/\/www.unither-pharma.biz\/wp-content\/uploads\/2026\/01\/logo-unither-pharmaceuticals-site-internet.png\",\"contentUrl\":\"https:\/\/www.unither-pharma.biz\/wp-content\/uploads\/2026\/01\/logo-unither-pharmaceuticals-site-internet.png\",\"width\":514,\"height\":252,\"caption\":\"Unither\"},\"image\":{\"@id\":\"https:\/\/www.unither-pharma.biz\/pt-br\/#\/schema\/logo\/image\/\"},\"sameAs\":[\"https:\/\/x.com\/UnitherPharma\",\"https:\/\/www.linkedin.com\/company\/unither-pharmaceuticals\/\",\"https:\/\/www.youtube.com\/channel\/UCHaTbYrnICFU1MiLwNsKjMA\"]}]}<\/script>\n<!-- \/ Yoast SEO plugin. -->","yoast_head_json":{"title":"Fabrica\u00e7\u00e3o Lotes Cl\u00ednicos & Placebos | Unither","description":"Fabrica\u00e7\u00e3o de lotes cl\u00ednicos fases I a III e placebos. Produ\u00e7\u00e3o GMP \u00e1gil e flex\u00edvel. Garantia dos ensaios cl\u00ednicos farmac\u00eauticos.","robots":{"index":"index","follow":"follow","max-snippet":"max-snippet:-1","max-image-preview":"max-image-preview:large","max-video-preview":"max-video-preview:-1"},"canonical":"https:\/\/www.unither-pharma.biz\/pt-br\/desenvolvimento\/fabricacao-de-lotes-clinicos-placebos\/","og_locale":"pt_BR","og_type":"article","og_title":"Fabrica\u00e7\u00e3o Lotes Cl\u00ednicos & Placebos | Unither","og_description":"Fabrica\u00e7\u00e3o de lotes cl\u00ednicos fases I a III e placebos. Produ\u00e7\u00e3o GMP \u00e1gil e flex\u00edvel. Garantia dos ensaios cl\u00ednicos farmac\u00eauticos.","og_url":"https:\/\/www.unither-pharma.biz\/pt-br\/desenvolvimento\/fabricacao-de-lotes-clinicos-placebos\/","og_site_name":"Unither","article_modified_time":"2026-01-28T16:38:07+00:00","og_image":[{"width":2048,"height":885,"url":"https:\/\/www.unither-pharma.biz\/wp-content\/uploads\/2025\/12\/Banniere-web-33-scaled.jpg","type":"image\/jpeg"}],"twitter_card":"summary_large_image","twitter_site":"@UnitherPharma","twitter_misc":{"Est. tempo de leitura":"1 minuto"},"schema":{"@context":"https:\/\/schema.org","@graph":[{"@type":"WebPage","@id":"https:\/\/www.unither-pharma.biz\/pt-br\/desenvolvimento\/fabricacao-de-lotes-clinicos-placebos\/","url":"https:\/\/www.unither-pharma.biz\/pt-br\/desenvolvimento\/fabricacao-de-lotes-clinicos-placebos\/","name":"Fabrica\u00e7\u00e3o Lotes Cl\u00ednicos & Placebos | Unither","isPartOf":{"@id":"https:\/\/www.unither-pharma.biz\/pt-br\/#website"},"primaryImageOfPage":{"@id":"https:\/\/www.unither-pharma.biz\/pt-br\/desenvolvimento\/fabricacao-de-lotes-clinicos-placebos\/#primaryimage"},"image":{"@id":"https:\/\/www.unither-pharma.biz\/pt-br\/desenvolvimento\/fabricacao-de-lotes-clinicos-placebos\/#primaryimage"},"thumbnailUrl":"https:\/\/www.unither-pharma.biz\/wp-content\/uploads\/2025\/12\/Banniere-web-33-scaled.jpg","datePublished":"2025-07-10T09:51:17+00:00","dateModified":"2026-01-28T16:38:07+00:00","description":"Fabrica\u00e7\u00e3o de lotes cl\u00ednicos fases I a III e placebos. Produ\u00e7\u00e3o GMP \u00e1gil e flex\u00edvel. Garantia dos ensaios cl\u00ednicos farmac\u00eauticos.","breadcrumb":{"@id":"https:\/\/www.unither-pharma.biz\/pt-br\/desenvolvimento\/fabricacao-de-lotes-clinicos-placebos\/#breadcrumb"},"inLanguage":"pt-BR","potentialAction":[{"@type":"ReadAction","target":["https:\/\/www.unither-pharma.biz\/pt-br\/desenvolvimento\/fabricacao-de-lotes-clinicos-placebos\/"]}]},{"@type":"ImageObject","inLanguage":"pt-BR","@id":"https:\/\/www.unither-pharma.biz\/pt-br\/desenvolvimento\/fabricacao-de-lotes-clinicos-placebos\/#primaryimage","url":"https:\/\/www.unither-pharma.biz\/wp-content\/uploads\/2025\/12\/Banniere-web-33-scaled.jpg","contentUrl":"https:\/\/www.unither-pharma.biz\/wp-content\/uploads\/2025\/12\/Banniere-web-33-scaled.jpg","width":2048,"height":885,"caption":"Produ\u00e7\u00e3o"},{"@type":"BreadcrumbList","@id":"https:\/\/www.unither-pharma.biz\/pt-br\/desenvolvimento\/fabricacao-de-lotes-clinicos-placebos\/#breadcrumb","itemListElement":[{"@type":"ListItem","position":1,"name":"Home","item":"https:\/\/www.unither-pharma.biz\/pt-br\/"},{"@type":"ListItem","position":2,"name":"Desenvolvimento","item":"https:\/\/www.unither-pharma.biz\/pt-br\/desenvolvimento\/"},{"@type":"ListItem","position":3,"name":"Fabrica\u00e7\u00e3o de lotes cl\u00ednicos &amp; placebos"}]},{"@type":"WebSite","@id":"https:\/\/www.unither-pharma.biz\/pt-br\/#website","url":"https:\/\/www.unither-pharma.biz\/pt-br\/","name":"Unither","description":"","publisher":{"@id":"https:\/\/www.unither-pharma.biz\/pt-br\/#organization"},"potentialAction":[{"@type":"SearchAction","target":{"@type":"EntryPoint","urlTemplate":"https:\/\/www.unither-pharma.biz\/pt-br\/?s={search_term_string}"},"query-input":{"@type":"PropertyValueSpecification","valueRequired":true,"valueName":"search_term_string"}}],"inLanguage":"pt-BR"},{"@type":"Organization","@id":"https:\/\/www.unither-pharma.biz\/pt-br\/#organization","name":"Unither","url":"https:\/\/www.unither-pharma.biz\/pt-br\/","logo":{"@type":"ImageObject","inLanguage":"pt-BR","@id":"https:\/\/www.unither-pharma.biz\/pt-br\/#\/schema\/logo\/image\/","url":"https:\/\/www.unither-pharma.biz\/wp-content\/uploads\/2026\/01\/logo-unither-pharmaceuticals-site-internet.png","contentUrl":"https:\/\/www.unither-pharma.biz\/wp-content\/uploads\/2026\/01\/logo-unither-pharmaceuticals-site-internet.png","width":514,"height":252,"caption":"Unither"},"image":{"@id":"https:\/\/www.unither-pharma.biz\/pt-br\/#\/schema\/logo\/image\/"},"sameAs":["https:\/\/x.com\/UnitherPharma","https:\/\/www.linkedin.com\/company\/unither-pharmaceuticals\/","https:\/\/www.youtube.com\/channel\/UCHaTbYrnICFU1MiLwNsKjMA"]}]}},"_links":{"self":[{"href":"https:\/\/www.unither-pharma.biz\/pt-br\/wp-json\/wp\/v2\/pages\/27084","targetHints":{"allow":["GET"]}}],"collection":[{"href":"https:\/\/www.unither-pharma.biz\/pt-br\/wp-json\/wp\/v2\/pages"}],"about":[{"href":"https:\/\/www.unither-pharma.biz\/pt-br\/wp-json\/wp\/v2\/types\/page"}],"author":[{"embeddable":true,"href":"https:\/\/www.unither-pharma.biz\/pt-br\/wp-json\/wp\/v2\/users\/1"}],"replies":[{"embeddable":true,"href":"https:\/\/www.unither-pharma.biz\/pt-br\/wp-json\/wp\/v2\/comments?post=27084"}],"version-history":[{"count":4,"href":"https:\/\/www.unither-pharma.biz\/pt-br\/wp-json\/wp\/v2\/pages\/27084\/revisions"}],"predecessor-version":[{"id":31229,"href":"https:\/\/www.unither-pharma.biz\/pt-br\/wp-json\/wp\/v2\/pages\/27084\/revisions\/31229"}],"up":[{"embeddable":true,"href":"https:\/\/www.unither-pharma.biz\/pt-br\/wp-json\/wp\/v2\/pages\/27095"}],"wp:featuredmedia":[{"embeddable":true,"href":"https:\/\/www.unither-pharma.biz\/pt-br\/wp-json\/wp\/v2\/media\/27488"}],"wp:attachment":[{"href":"https:\/\/www.unither-pharma.biz\/pt-br\/wp-json\/wp\/v2\/media?parent=27084"}],"wp:term":[{"taxonomy":"post_tag","embeddable":true,"href":"https:\/\/www.unither-pharma.biz\/pt-br\/wp-json\/wp\/v2\/tags?post=27084"}],"curies":[{"name":"wp","href":"https:\/\/api.w.org\/{rel}","templated":true}]}}