{"id":26990,"date":"2025-09-26T15:07:53","date_gmt":"2025-09-26T13:07:53","guid":{"rendered":"https:\/\/www.unither-pharma.biz\/fabricacao\/transferencia-de-tecnologia-scale-up-farmaceutico\/"},"modified":"2026-01-29T11:23:04","modified_gmt":"2026-01-29T10:23:04","slug":"transferencia-de-tecnologia-scale-up-farmaceutico","status":"publish","type":"page","link":"https:\/\/www.unither-pharma.biz\/pt-br\/fabricacao\/transferencia-de-tecnologia-scale-up-farmaceutico\/","title":{"rendered":"Transfer\u00eancia de tecnologia &amp; scale-up farmac\u00eautico"},"content":{"rendered":"","protected":false},"excerpt":{"rendered":"<p>Transfer\u00eancia segura e amplia\u00e7\u00e3o industrial de produtos farmac\u00eauticos l\u00edquidos, desde o desenvolvimento at\u00e9 a fabrica\u00e7\u00e3o comercial.<\/p>\n","protected":false},"author":1,"featured_media":27393,"parent":26987,"menu_order":0,"comment_status":"closed","ping_status":"closed","template":"","meta":{"_acf_changed":false,"footnotes":""},"tags":[],"class_list":["post-26990","page","type-page","status-publish","has-post-thumbnail","hentry"],"acf":[],"yoast_head":"<!-- This site is optimized with the Yoast SEO plugin v27.2 - https:\/\/yoast.com\/product\/yoast-seo-wordpress\/ -->\n<title>Transfer\u00eancia Tecnol\u00f3gica &amp; Scale-Up Farmac\u00eautico | Unither CDMO<\/title>\n<meta name=\"description\" content=\"Transfer\u00eancia tecnol\u00f3gica e scale-up farmac\u00eautico. Industrializa\u00e7\u00e3o e aumento de escala para seus medicamentos. Expertise CDMO integrada.\" \/>\n<meta name=\"robots\" content=\"index, follow, max-snippet:-1, max-image-preview:large, max-video-preview:-1\" \/>\n<link rel=\"canonical\" href=\"https:\/\/www.unither-pharma.biz\/pt-br\/fabricacao\/transferencia-de-tecnologia-scale-up-farmaceutico\/\" \/>\n<meta property=\"og:locale\" content=\"pt_BR\" \/>\n<meta property=\"og:type\" content=\"article\" \/>\n<meta property=\"og:title\" content=\"Transfer\u00eancia Tecnol\u00f3gica &amp; Scale-Up Farmac\u00eautico | Unither CDMO\" \/>\n<meta property=\"og:description\" content=\"Transfer\u00eancia tecnol\u00f3gica e scale-up farmac\u00eautico. Industrializa\u00e7\u00e3o e aumento de escala para seus medicamentos. Expertise CDMO integrada.\" \/>\n<meta property=\"og:url\" content=\"https:\/\/www.unither-pharma.biz\/pt-br\/fabricacao\/transferencia-de-tecnologia-scale-up-farmaceutico\/\" \/>\n<meta property=\"og:site_name\" content=\"Unither\" \/>\n<meta property=\"article:modified_time\" content=\"2026-01-29T10:23:04+00:00\" \/>\n<meta property=\"og:image\" content=\"https:\/\/www.unither-pharma.biz\/wp-content\/uploads\/2025\/12\/Banniere-web-20-scaled.jpg\" \/>\n\t<meta property=\"og:image:width\" content=\"2048\" \/>\n\t<meta property=\"og:image:height\" content=\"885\" \/>\n\t<meta property=\"og:image:type\" content=\"image\/jpeg\" \/>\n<meta name=\"twitter:card\" content=\"summary_large_image\" \/>\n<meta name=\"twitter:site\" content=\"@UnitherPharma\" \/>\n<meta name=\"twitter:label1\" content=\"Est. tempo de leitura\" \/>\n\t<meta name=\"twitter:data1\" content=\"1 minuto\" \/>\n<script type=\"application\/ld+json\" class=\"yoast-schema-graph\">{\"@context\":\"https:\/\/schema.org\",\"@graph\":[{\"@type\":\"WebPage\",\"@id\":\"https:\/\/www.unither-pharma.biz\/pt-br\/fabricacao\/transferencia-de-tecnologia-scale-up-farmaceutico\/\",\"url\":\"https:\/\/www.unither-pharma.biz\/pt-br\/fabricacao\/transferencia-de-tecnologia-scale-up-farmaceutico\/\",\"name\":\"Transfer\u00eancia Tecnol\u00f3gica & Scale-Up Farmac\u00eautico | Unither CDMO\",\"isPartOf\":{\"@id\":\"https:\/\/www.unither-pharma.biz\/pt-br\/#website\"},\"primaryImageOfPage\":{\"@id\":\"https:\/\/www.unither-pharma.biz\/pt-br\/fabricacao\/transferencia-de-tecnologia-scale-up-farmaceutico\/#primaryimage\"},\"image\":{\"@id\":\"https:\/\/www.unither-pharma.biz\/pt-br\/fabricacao\/transferencia-de-tecnologia-scale-up-farmaceutico\/#primaryimage\"},\"thumbnailUrl\":\"https:\/\/www.unither-pharma.biz\/wp-content\/uploads\/2025\/12\/Banniere-web-20-scaled.jpg\",\"datePublished\":\"2025-09-26T13:07:53+00:00\",\"dateModified\":\"2026-01-29T10:23:04+00:00\",\"description\":\"Transfer\u00eancia tecnol\u00f3gica e scale-up farmac\u00eautico. Industrializa\u00e7\u00e3o e aumento de escala para seus medicamentos. Expertise CDMO integrada.\",\"breadcrumb\":{\"@id\":\"https:\/\/www.unither-pharma.biz\/pt-br\/fabricacao\/transferencia-de-tecnologia-scale-up-farmaceutico\/#breadcrumb\"},\"inLanguage\":\"pt-BR\",\"potentialAction\":[{\"@type\":\"ReadAction\",\"target\":[\"https:\/\/www.unither-pharma.biz\/pt-br\/fabricacao\/transferencia-de-tecnologia-scale-up-farmaceutico\/\"]}]},{\"@type\":\"ImageObject\",\"inLanguage\":\"pt-BR\",\"@id\":\"https:\/\/www.unither-pharma.biz\/pt-br\/fabricacao\/transferencia-de-tecnologia-scale-up-farmaceutico\/#primaryimage\",\"url\":\"https:\/\/www.unither-pharma.biz\/wp-content\/uploads\/2025\/12\/Banniere-web-20-scaled.jpg\",\"contentUrl\":\"https:\/\/www.unither-pharma.biz\/wp-content\/uploads\/2025\/12\/Banniere-web-20-scaled.jpg\",\"width\":2048,\"height\":885,\"caption\":\"transfer\u00eancia de tecnologia\"},{\"@type\":\"BreadcrumbList\",\"@id\":\"https:\/\/www.unither-pharma.biz\/pt-br\/fabricacao\/transferencia-de-tecnologia-scale-up-farmaceutico\/#breadcrumb\",\"itemListElement\":[{\"@type\":\"ListItem\",\"position\":1,\"name\":\"Home\",\"item\":\"https:\/\/www.unither-pharma.biz\/pt-br\/\"},{\"@type\":\"ListItem\",\"position\":2,\"name\":\"Fabrica\u00e7\u00e3o\",\"item\":\"https:\/\/www.unither-pharma.biz\/pt-br\/fabricacao\/\"},{\"@type\":\"ListItem\",\"position\":3,\"name\":\"Transfer\u00eancia de tecnologia &amp; scale-up farmac\u00eautico\"}]},{\"@type\":\"WebSite\",\"@id\":\"https:\/\/www.unither-pharma.biz\/pt-br\/#website\",\"url\":\"https:\/\/www.unither-pharma.biz\/pt-br\/\",\"name\":\"Unither\",\"description\":\"\",\"publisher\":{\"@id\":\"https:\/\/www.unither-pharma.biz\/pt-br\/#organization\"},\"potentialAction\":[{\"@type\":\"SearchAction\",\"target\":{\"@type\":\"EntryPoint\",\"urlTemplate\":\"https:\/\/www.unither-pharma.biz\/pt-br\/?s={search_term_string}\"},\"query-input\":{\"@type\":\"PropertyValueSpecification\",\"valueRequired\":true,\"valueName\":\"search_term_string\"}}],\"inLanguage\":\"pt-BR\"},{\"@type\":\"Organization\",\"@id\":\"https:\/\/www.unither-pharma.biz\/pt-br\/#organization\",\"name\":\"Unither\",\"url\":\"https:\/\/www.unither-pharma.biz\/pt-br\/\",\"logo\":{\"@type\":\"ImageObject\",\"inLanguage\":\"pt-BR\",\"@id\":\"https:\/\/www.unither-pharma.biz\/pt-br\/#\/schema\/logo\/image\/\",\"url\":\"https:\/\/www.unither-pharma.biz\/wp-content\/uploads\/2026\/01\/logo-unither-pharmaceuticals-site-internet.png\",\"contentUrl\":\"https:\/\/www.unither-pharma.biz\/wp-content\/uploads\/2026\/01\/logo-unither-pharmaceuticals-site-internet.png\",\"width\":514,\"height\":252,\"caption\":\"Unither\"},\"image\":{\"@id\":\"https:\/\/www.unither-pharma.biz\/pt-br\/#\/schema\/logo\/image\/\"},\"sameAs\":[\"https:\/\/x.com\/UnitherPharma\",\"https:\/\/www.linkedin.com\/company\/unither-pharmaceuticals\/\",\"https:\/\/www.youtube.com\/channel\/UCHaTbYrnICFU1MiLwNsKjMA\"]}]}<\/script>\n<!-- \/ Yoast SEO plugin. -->","yoast_head_json":{"title":"Transfer\u00eancia Tecnol\u00f3gica & Scale-Up Farmac\u00eautico | Unither CDMO","description":"Transfer\u00eancia tecnol\u00f3gica e scale-up farmac\u00eautico. Industrializa\u00e7\u00e3o e aumento de escala para seus medicamentos. Expertise CDMO integrada.","robots":{"index":"index","follow":"follow","max-snippet":"max-snippet:-1","max-image-preview":"max-image-preview:large","max-video-preview":"max-video-preview:-1"},"canonical":"https:\/\/www.unither-pharma.biz\/pt-br\/fabricacao\/transferencia-de-tecnologia-scale-up-farmaceutico\/","og_locale":"pt_BR","og_type":"article","og_title":"Transfer\u00eancia Tecnol\u00f3gica & Scale-Up Farmac\u00eautico | Unither CDMO","og_description":"Transfer\u00eancia tecnol\u00f3gica e scale-up farmac\u00eautico. Industrializa\u00e7\u00e3o e aumento de escala para seus medicamentos. Expertise CDMO integrada.","og_url":"https:\/\/www.unither-pharma.biz\/pt-br\/fabricacao\/transferencia-de-tecnologia-scale-up-farmaceutico\/","og_site_name":"Unither","article_modified_time":"2026-01-29T10:23:04+00:00","og_image":[{"width":2048,"height":885,"url":"https:\/\/www.unither-pharma.biz\/wp-content\/uploads\/2025\/12\/Banniere-web-20-scaled.jpg","type":"image\/jpeg"}],"twitter_card":"summary_large_image","twitter_site":"@UnitherPharma","twitter_misc":{"Est. tempo de leitura":"1 minuto"},"schema":{"@context":"https:\/\/schema.org","@graph":[{"@type":"WebPage","@id":"https:\/\/www.unither-pharma.biz\/pt-br\/fabricacao\/transferencia-de-tecnologia-scale-up-farmaceutico\/","url":"https:\/\/www.unither-pharma.biz\/pt-br\/fabricacao\/transferencia-de-tecnologia-scale-up-farmaceutico\/","name":"Transfer\u00eancia Tecnol\u00f3gica & Scale-Up Farmac\u00eautico | Unither CDMO","isPartOf":{"@id":"https:\/\/www.unither-pharma.biz\/pt-br\/#website"},"primaryImageOfPage":{"@id":"https:\/\/www.unither-pharma.biz\/pt-br\/fabricacao\/transferencia-de-tecnologia-scale-up-farmaceutico\/#primaryimage"},"image":{"@id":"https:\/\/www.unither-pharma.biz\/pt-br\/fabricacao\/transferencia-de-tecnologia-scale-up-farmaceutico\/#primaryimage"},"thumbnailUrl":"https:\/\/www.unither-pharma.biz\/wp-content\/uploads\/2025\/12\/Banniere-web-20-scaled.jpg","datePublished":"2025-09-26T13:07:53+00:00","dateModified":"2026-01-29T10:23:04+00:00","description":"Transfer\u00eancia tecnol\u00f3gica e scale-up farmac\u00eautico. Industrializa\u00e7\u00e3o e aumento de escala para seus medicamentos. Expertise CDMO integrada.","breadcrumb":{"@id":"https:\/\/www.unither-pharma.biz\/pt-br\/fabricacao\/transferencia-de-tecnologia-scale-up-farmaceutico\/#breadcrumb"},"inLanguage":"pt-BR","potentialAction":[{"@type":"ReadAction","target":["https:\/\/www.unither-pharma.biz\/pt-br\/fabricacao\/transferencia-de-tecnologia-scale-up-farmaceutico\/"]}]},{"@type":"ImageObject","inLanguage":"pt-BR","@id":"https:\/\/www.unither-pharma.biz\/pt-br\/fabricacao\/transferencia-de-tecnologia-scale-up-farmaceutico\/#primaryimage","url":"https:\/\/www.unither-pharma.biz\/wp-content\/uploads\/2025\/12\/Banniere-web-20-scaled.jpg","contentUrl":"https:\/\/www.unither-pharma.biz\/wp-content\/uploads\/2025\/12\/Banniere-web-20-scaled.jpg","width":2048,"height":885,"caption":"transfer\u00eancia de tecnologia"},{"@type":"BreadcrumbList","@id":"https:\/\/www.unither-pharma.biz\/pt-br\/fabricacao\/transferencia-de-tecnologia-scale-up-farmaceutico\/#breadcrumb","itemListElement":[{"@type":"ListItem","position":1,"name":"Home","item":"https:\/\/www.unither-pharma.biz\/pt-br\/"},{"@type":"ListItem","position":2,"name":"Fabrica\u00e7\u00e3o","item":"https:\/\/www.unither-pharma.biz\/pt-br\/fabricacao\/"},{"@type":"ListItem","position":3,"name":"Transfer\u00eancia de tecnologia &amp; scale-up farmac\u00eautico"}]},{"@type":"WebSite","@id":"https:\/\/www.unither-pharma.biz\/pt-br\/#website","url":"https:\/\/www.unither-pharma.biz\/pt-br\/","name":"Unither","description":"","publisher":{"@id":"https:\/\/www.unither-pharma.biz\/pt-br\/#organization"},"potentialAction":[{"@type":"SearchAction","target":{"@type":"EntryPoint","urlTemplate":"https:\/\/www.unither-pharma.biz\/pt-br\/?s={search_term_string}"},"query-input":{"@type":"PropertyValueSpecification","valueRequired":true,"valueName":"search_term_string"}}],"inLanguage":"pt-BR"},{"@type":"Organization","@id":"https:\/\/www.unither-pharma.biz\/pt-br\/#organization","name":"Unither","url":"https:\/\/www.unither-pharma.biz\/pt-br\/","logo":{"@type":"ImageObject","inLanguage":"pt-BR","@id":"https:\/\/www.unither-pharma.biz\/pt-br\/#\/schema\/logo\/image\/","url":"https:\/\/www.unither-pharma.biz\/wp-content\/uploads\/2026\/01\/logo-unither-pharmaceuticals-site-internet.png","contentUrl":"https:\/\/www.unither-pharma.biz\/wp-content\/uploads\/2026\/01\/logo-unither-pharmaceuticals-site-internet.png","width":514,"height":252,"caption":"Unither"},"image":{"@id":"https:\/\/www.unither-pharma.biz\/pt-br\/#\/schema\/logo\/image\/"},"sameAs":["https:\/\/x.com\/UnitherPharma","https:\/\/www.linkedin.com\/company\/unither-pharmaceuticals\/","https:\/\/www.youtube.com\/channel\/UCHaTbYrnICFU1MiLwNsKjMA"]}]}},"_links":{"self":[{"href":"https:\/\/www.unither-pharma.biz\/pt-br\/wp-json\/wp\/v2\/pages\/26990","targetHints":{"allow":["GET"]}}],"collection":[{"href":"https:\/\/www.unither-pharma.biz\/pt-br\/wp-json\/wp\/v2\/pages"}],"about":[{"href":"https:\/\/www.unither-pharma.biz\/pt-br\/wp-json\/wp\/v2\/types\/page"}],"author":[{"embeddable":true,"href":"https:\/\/www.unither-pharma.biz\/pt-br\/wp-json\/wp\/v2\/users\/1"}],"replies":[{"embeddable":true,"href":"https:\/\/www.unither-pharma.biz\/pt-br\/wp-json\/wp\/v2\/comments?post=26990"}],"version-history":[{"count":7,"href":"https:\/\/www.unither-pharma.biz\/pt-br\/wp-json\/wp\/v2\/pages\/26990\/revisions"}],"predecessor-version":[{"id":31224,"href":"https:\/\/www.unither-pharma.biz\/pt-br\/wp-json\/wp\/v2\/pages\/26990\/revisions\/31224"}],"up":[{"embeddable":true,"href":"https:\/\/www.unither-pharma.biz\/pt-br\/wp-json\/wp\/v2\/pages\/26987"}],"wp:featuredmedia":[{"embeddable":true,"href":"https:\/\/www.unither-pharma.biz\/pt-br\/wp-json\/wp\/v2\/media\/27393"}],"wp:attachment":[{"href":"https:\/\/www.unither-pharma.biz\/pt-br\/wp-json\/wp\/v2\/media?parent=26990"}],"wp:term":[{"taxonomy":"post_tag","embeddable":true,"href":"https:\/\/www.unither-pharma.biz\/pt-br\/wp-json\/wp\/v2\/tags?post=26990"}],"curies":[{"name":"wp","href":"https:\/\/api.w.org\/{rel}","templated":true}]}}